{"id":17575,"date":"2023-01-12T11:31:31","date_gmt":"2023-01-12T10:31:31","guid":{"rendered":"https:\/\/www.inove-ecoenergia.com\/contact-phone\/"},"modified":"2023-01-12T11:31:31","modified_gmt":"2023-01-12T10:31:31","slug":"contact-phone","status":"publish","type":"page","link":"https:\/\/www.inove-ecoenergia.com\/en\/contact-phone\/","title":{"rendered":"Contact Phone"},"content":{"rendered":"<p>[et_pb_section fb_built=&#8221;1&#8243; _builder_version=&#8221;4.16&#8243; _module_preset=&#8221;default&#8221; custom_margin=&#8221;0px||0px||true|false&#8221; custom_padding=&#8221;0px||0px||false|false&#8221; locked=&#8221;off&#8221; global_colors_info=&#8221;{}&#8221;][et_pb_row _builder_version=&#8221;4.16&#8243; _module_preset=&#8221;default&#8221; width=&#8221;100%&#8221; max_width=&#8221;700px&#8221; module_alignment=&#8221;center&#8221; custom_margin=&#8221;0px||0px||true|false&#8221; custom_padding=&#8221;0px||0px||true|false&#8221; global_colors_info=&#8221;{}&#8221;][et_pb_column type=&#8221;4_4&#8243; _builder_version=&#8221;4.16&#8243; _module_preset=&#8221;default&#8221; global_colors_info=&#8221;{}&#8221;][et_pb_code _builder_version=&#8221;4.16&#8243; _module_preset=&#8221;default&#8221; custom_margin=&#8221;0px||0px||true|false&#8221; custom_padding=&#8221;0px||0px||true|false&#8221; border_color_all=&#8221;RGBA(255,255,255,0)&#8221; global_colors_info=&#8221;{}&#8221;]<iframe src=\"https:\/\/www.google.com\/maps\/embed?pb=!1m14!1m8!1m3!1d13544.876012383707!2d-5.143074607950665!3d36.432375245728075!3m2!1i1024!2i768!4f13.1!3m3!1m2!1s0x0%3A0x4c42e61fcd53b5f2!2sPlacas%20solares%20M%C3%A1laga%20%7C%20Energ%C3%ADa%20Solar%20%7C%20Paneles%20Solares%20%7C%20INOVE%20ECOENERGIA!5e0!3m2!1ses!2ses!4v1672664869194!5m2!1ses!2ses\" width=\"700\" height=\"290\" style=\"border:0;\" allowfullscreen=\"\" loading=\"lazy\" referrerpolicy=\"no-referrer-when-downgrade\"><\/iframe>[\/et_pb_code][\/et_pb_column][\/et_pb_row][et_pb_row _builder_version=&#8221;4.16&#8243; _module_preset=&#8221;default&#8221; width=&#8221;94%&#8221; max_width=&#8221;700px&#8221; custom_margin=&#8221;0px||30px||false|false&#8221; custom_padding=&#8221;0px||0px||true|false&#8221; global_colors_info=&#8221;{}&#8221;][et_pb_column type=&#8221;4_4&#8243; _builder_version=&#8221;4.16&#8243; _module_preset=&#8221;default&#8221; global_colors_info=&#8221;{}&#8221;][et_pb_text _builder_version=&#8221;4.16&#8243; _module_preset=&#8221;default&#8221; text_text_color=&#8221;#00378b&#8221; text_font_size=&#8221;16px&#8221; header_2_text_color=&#8221;#444444&#8243; header_2_font_size=&#8221;24px&#8221; header_4_font=&#8221;|600|||||||&#8221; header_4_text_color=&#8221;#00378b&#8221; header_4_font_size=&#8221;28px&#8221; background_enable_color=&#8221;off&#8221; custom_margin=&#8221;0px||0px||false|false&#8221; custom_padding=&#8221;7px||7px||true|false&#8221; global_colors_info=&#8221;{}&#8221;]<\/p>\n<h2 style=\"text-align: center;\"><span>C\/ Pilar Bardem, 10, 29680 <strong>Estepona<\/strong>, M\u00e1laga<\/span><\/h2>\n<p>[\/et_pb_text][et_pb_button button_url=&#8221;https:\/\/www.google.com\/maps\/place\/Placas+solares+M%C3%A1laga+%7C+Energ%C3%ADa+Solar+%7C+Paneles+Solares+%7C+INOVE+ECOENERGIA\/@36.432089,-5.144154,14z\/data=!4m5!3m4!1s0x0:0x4c42e61fcd53b5f2!8m2!3d36.4320891!4d-5.1441536?hl=es&#8221; button_text=&#8221;Iniciar Google Maps&#8221; button_alignment=&#8221;center&#8221; _builder_version=&#8221;4.16&#8243; _module_preset=&#8221;default&#8221; custom_button=&#8221;on&#8221; button_text_size=&#8221;24px&#8221; button_text_color=&#8221;#0c82cc&#8221; button_border_width=&#8221;1px&#8221; button_border_color=&#8221;#919191&#8243; button_border_radius=&#8221;50px&#8221; button_font=&#8221;|600|||||||&#8221; button_icon=&#8221;\ue081||divi||400&#8243; button_icon_color=&#8221;#E02B20&#8243; button_icon_placement=&#8221;left&#8221; button_on_hover=&#8221;off&#8221; global_colors_info=&#8221;{}&#8221;][\/et_pb_button][et_pb_image src=&#8221;https:\/\/www.inove-ecoenergia.com\/wp-content\/uploads\/2023\/01\/icono-llamada-telefono_55.png&#8221; title_text=&#8221;icono-llamada-telefono_55&#8243; url=&#8221;tel:951216732&#8243; align=&#8221;center&#8221; _builder_version=&#8221;4.16&#8243; _module_preset=&#8221;default&#8221; width=&#8221;24%&#8221; custom_margin=&#8221;0px||0px||true|false&#8221; custom_padding=&#8221;0px||0px||true|false&#8221; locked=&#8221;off&#8221; global_colors_info=&#8221;{}&#8221;][\/et_pb_image][et_pb_text _builder_version=&#8221;4.16&#8243; _module_preset=&#8221;default&#8221; text_text_color=&#8221;#00378b&#8221; text_font_size=&#8221;18px&#8221; custom_margin=&#8221;5px||4px||false|false&#8221; link_option_url=&#8221;tel:951216732&#8243; global_colors_info=&#8221;{}&#8221;]<\/p>\n<p style=\"text-align: center;\">Phone<\/p>\n<p>[\/et_pb_text][et_pb_text _builder_version=&#8221;4.16&#8243; _module_preset=&#8221;default&#8221; text_text_color=&#8221;#00378b&#8221; text_font_size=&#8221;16px&#8221; header_4_font=&#8221;|600|||||||&#8221; header_4_text_color=&#8221;#00378b&#8221; header_4_font_size=&#8221;35px&#8221; custom_margin=&#8221;||14px||false|false&#8221; link_option_url=&#8221;tel:951216732&#8243; global_colors_info=&#8221;{}&#8221;]<\/p>\n<h4 style=\"text-align: center;\"><span class=\"selectable-text copyable-text\">951 21 67 32  <\/span><\/h4>\n<p>[\/et_pb_text][et_pb_text _builder_version=&#8221;4.16&#8243; _module_preset=&#8221;default&#8221; text_text_color=&#8221;#444444&#8243; text_font_size=&#8221;16px&#8221; custom_margin=&#8221;-10px||4px||false|false&#8221; global_colors_info=&#8221;{}&#8221;]<\/p>\n<p style=\"text-align: center;\">Office hours<\/p>\n<p>[\/et_pb_text][et_pb_text _builder_version=&#8221;4.16&#8243; _module_preset=&#8221;default&#8221; text_text_color=&#8221;#00378b&#8221; text_font_size=&#8221;16px&#8221; header_4_font=&#8221;||||||||&#8221; header_4_text_color=&#8221;#444444&#8243; header_4_font_size=&#8221;24px&#8221; custom_margin=&#8221;||14px||false|false&#8221; global_colors_info=&#8221;{}&#8221;]<\/p>\n<div class=\"TzHB6b cLjAic LMRCfc\" jsdata=\"PhoHd;_;CMUBiA\" data-hveid=\"CGYQAA\" data-ved=\"2ahUKEwib2_Kdgqv8AhUx9rsIHSsbCW0Qy9oBKAB6BAhmEAA\">\n<div jsname=\"xQjRM\">\n<div class=\"sATSHe\">\n<div>\n<div class=\"B03h3d V14nKc i8qq8b ptcLIOszQJu__wholepage-card wp-ms\" data-hveid=\"CGsQAA\">\n<div class=\"UDZeY OTFaAf\">\n<div class=\"QsDR1c\">\n<div class=\"wDYxhc\" data-attrid=\"kc:\/collection\/knowledge_panels\/has_phone:phone\" data-md=\"1006\" lang=\"es-ES\" data-hveid=\"CE4QAA\" data-ved=\"2ahUKEwib2_Kdgqv8AhUx9rsIHSsbCW0QkCl6BAhOEAA\">\n<div class=\"Z1hOCe\">\n<h4 class=\"zloOqf PZPZlf\" data-dtype=\"d3ifr\" data-local-attribute=\"d3ph\" data-ved=\"2ahUKEwib2_Kdgqv8AhUx9rsIHSsbCW0Q8I0BKAB6BAhOEAE\" style=\"text-align: center;\">M-F: 9:00 &#8211; 18:00<\/h4>\n<div jscontroller=\"sc5wWb\" class=\"GDRHkb\" data-at=\"3\" data-uid=\"1\" jsaction=\"rcuQ6b:npT2md\"><\/div>\n<\/div>\n<\/div>\n<\/div>\n<div><\/div>\n<\/div>\n<\/div>\n<\/div>\n<\/div>\n<\/div>\n<\/div>\n<div class=\"TzHB6b cLjAic\" jscontroller=\"nPaQu\" jsaction=\"rcuQ6b:npT2md;jQLCKe:VimORe;\" jsdata=\"PhoHd;_;CMUBiA\" data-hveid=\"CGIQAA\" data-ved=\"2ahUKEwib2_Kdgqv8AhUx9rsIHSsbCW0Q04gCKAB6BAhiEAA\">\n<div jsname=\"xQjRM\">\n<div class=\"sATSHe\">\n<div>\n<div class=\"B03h3d V14nKc i8qq8b ptcLIOszQJu__wholepage-card wp-ms\" data-hveid=\"CGQQAA\">\n<div class=\"UDZeY OTFaAf\">\n<div class=\"ceacV\">\n<div class=\"owjCYb\"><\/div>\n<div class=\"noQ1ef Nhsae\">\n<div class=\"wDYxhc\" data-attrid=\"kc:\/location\/location:province\" data-md=\"1001\" lang=\"es-ES\" data-hveid=\"CFYQAA\" data-ved=\"2ahUKEwib2_Kdgqv8AhUx9rsIHSsbCW0QkCl6BAhWEAA\">\n<div class=\"Z1hOCe\">\n<div class=\"zloOqf PZPZlf\" data-ved=\"2ahUKEwib2_Kdgqv8AhUx9rsIHSsbCW0QyxMoAHoECFYQAQ\"><\/div>\n<\/div>\n<\/div>\n<\/div>\n<\/div>\n<\/div>\n<\/div>\n<\/div>\n<\/div>\n<\/div>\n<\/div>\n<p>[\/et_pb_text][et_pb_button button_url=&#8221;https:\/\/www.inove-ecoenergia.com\/formulario-contacto\/&#8221; button_text=&#8221;Envianos un correo&#8221; button_alignment=&#8221;center&#8221; _builder_version=&#8221;4.16&#8243; _module_preset=&#8221;default&#8221; custom_button=&#8221;on&#8221; button_text_size=&#8221;24px&#8221; button_text_color=&#8221;#00378b&#8221; button_border_width=&#8221;1px&#8221; button_border_radius=&#8221;45px&#8221; button_font=&#8221;|600|||||||&#8221; button_icon=&#8221;\ue010||divi||400&#8243; button_icon_placement=&#8221;left&#8221; button_on_hover=&#8221;off&#8221; box_shadow_style=&#8221;preset1&#8243; box_shadow_color=&#8221;rgba(3,63,122,0.24)&#8221; global_colors_info=&#8221;{}&#8221; button_bg_color__hover_enabled=&#8221;on|hover&#8221; button_bg_color__hover=&#8221;RGBA(255,255,255,0)&#8221; button_bg_enable_color__hover=&#8221;on&#8221; button_border_width__hover_enabled=&#8221;on|desktop&#8221; button_border_color__hover_enabled=&#8221;on|hover&#8221; button_border_color__hover=&#8221;#0C71C3&#8243; button_text_color__hover_enabled=&#8221;on|hover&#8221; button_text_color__hover=&#8221;#0C71C3&#8243; button_border_width__hover=&#8221;1px&#8221;][\/et_pb_button][et_pb_divider color=&#8221;rgba(0,55,139,0.25)&#8221; divider_style=&#8221;dotted&#8221; divider_weight=&#8221;3px&#8221; _builder_version=&#8221;4.16&#8243; _module_preset=&#8221;default&#8221; width=&#8221;22%&#8221; module_alignment=&#8221;center&#8221; custom_margin=&#8221;-9px||-9px||false|false&#8221; global_colors_info=&#8221;{}&#8221;][\/et_pb_divider][et_pb_text _builder_version=&#8221;4.16&#8243; _module_preset=&#8221;default&#8221; text_text_color=&#8221;#444444&#8243; text_font_size=&#8221;18px&#8221; custom_margin=&#8221;||10px||false|false&#8221; global_colors_info=&#8221;{}&#8221;]<\/p>\n<p style=\"text-align: center;\">Work with us<\/p>\n<p>[\/et_pb_text][et_pb_button button_url=&#8221;https:\/\/www.inove-ecoenergia.com\/formulario-cv\/&#8221; button_text=&#8221;Envianos tu curriculum&#8221; button_alignment=&#8221;center&#8221; _builder_version=&#8221;4.16&#8243; _module_preset=&#8221;default&#8221; custom_button=&#8221;on&#8221; button_text_size=&#8221;24px&#8221; button_text_color=&#8221;#00378b&#8221; button_border_width=&#8221;1px&#8221; button_border_radius=&#8221;35px&#8221; button_font=&#8221;|600|||||||&#8221; button_icon=&#8221;\ue010||divi||400&#8243; button_icon_placement=&#8221;left&#8221; button_on_hover=&#8221;off&#8221; box_shadow_style=&#8221;preset1&#8243; box_shadow_color=&#8221;rgba(3,63,122,0.24)&#8221; global_colors_info=&#8221;{}&#8221; button_text_color__hover=&#8221;#0C71C3&#8243; button_text_color__hover_enabled=&#8221;on|hover&#8221; button_border_width__hover_enabled=&#8221;on|desktop&#8221; button_bg_color__hover=&#8221;RGBA(255,255,255,0)&#8221; button_bg_color__hover_enabled=&#8221;on|hover&#8221; button_border_color__hover=&#8221;#0C71C3&#8243; button_border_color__hover_enabled=&#8221;on|hover&#8221; button_border_width__hover=&#8221;1px&#8221;][\/et_pb_button][\/et_pb_column][\/et_pb_row][\/et_pb_section]<\/p>\n","protected":false},"excerpt":{"rendered":"<p>C\/ Pilar Bardem, 10, 29680 Estepona, M\u00e1lagaPhone951 21 67 32 Office hours M-F: 9:00 &#8211; 18:00 Work with us<\/p>\n","protected":false},"author":1,"featured_media":0,"parent":0,"menu_order":92,"comment_status":"closed","ping_status":"closed","template":"","meta":{"_et_pb_use_builder":"on","_et_pb_old_content":"","_et_gb_content_width":"","footnotes":""},"class_list":["post-17575","page","type-page","status-publish","hentry"],"yoast_head":"<!-- This site is optimized with the Yoast SEO plugin v26.4 - https:\/\/yoast.com\/wordpress\/plugins\/seo\/ -->\n<title>Contact Phone - Inove ecoenergia<\/title>\n<meta name=\"robots\" content=\"index, follow, max-snippet:-1, max-image-preview:large, max-video-preview:-1\" \/>\n<link rel=\"canonical\" href=\"https:\/\/www.inove-ecoenergia.com\/en\/contact-phone\/\" \/>\n<meta property=\"og:locale\" content=\"en_US\" \/>\n<meta property=\"og:type\" content=\"article\" \/>\n<meta property=\"og:title\" content=\"Contact Phone - Inove ecoenergia\" \/>\n<meta property=\"og:description\" content=\"C\/ Pilar Bardem, 10, 29680 Estepona, M\u00e1lagaPhone951 21 67 32 Office hours M-F: 9:00 - 18:00 Work with us\" \/>\n<meta property=\"og:url\" content=\"https:\/\/www.inove-ecoenergia.com\/en\/contact-phone\/\" \/>\n<meta property=\"og:site_name\" content=\"Inove ecoenergia\" \/>\n<meta name=\"twitter:card\" content=\"summary_large_image\" \/>\n<meta name=\"twitter:label1\" content=\"Est. reading time\" \/>\n\t<meta name=\"twitter:data1\" content=\"4 minutes\" \/>\n<script type=\"application\/ld+json\" class=\"yoast-schema-graph\">{\"@context\":\"https:\/\/schema.org\",\"@graph\":[{\"@type\":\"WebPage\",\"@id\":\"https:\/\/www.inove-ecoenergia.com\/en\/contact-phone\/\",\"url\":\"https:\/\/www.inove-ecoenergia.com\/en\/contact-phone\/\",\"name\":\"Contact Phone - Inove ecoenergia\",\"isPartOf\":{\"@id\":\"https:\/\/www.inove-ecoenergia.com\/en\/#website\"},\"datePublished\":\"2023-01-12T10:31:31+00:00\",\"breadcrumb\":{\"@id\":\"https:\/\/www.inove-ecoenergia.com\/en\/contact-phone\/#breadcrumb\"},\"inLanguage\":\"en-US\",\"potentialAction\":[{\"@type\":\"ReadAction\",\"target\":[\"https:\/\/www.inove-ecoenergia.com\/en\/contact-phone\/\"]}]},{\"@type\":\"BreadcrumbList\",\"@id\":\"https:\/\/www.inove-ecoenergia.com\/en\/contact-phone\/#breadcrumb\",\"itemListElement\":[{\"@type\":\"ListItem\",\"position\":1,\"name\":\"Portada\",\"item\":\"https:\/\/www.inove-ecoenergia.com\/en\/\"},{\"@type\":\"ListItem\",\"position\":2,\"name\":\"Contact Phone\"}]},{\"@type\":\"WebSite\",\"@id\":\"https:\/\/www.inove-ecoenergia.com\/en\/#website\",\"url\":\"https:\/\/www.inove-ecoenergia.com\/en\/\",\"name\":\"Inove ecoenergia\",\"description\":\"IINOVE ECOENERG\u00cdA, S.L. es una empresa dedicada a la instalaci\u00f3n, mantenimiento y venta de equipos y sistemas de energ\u00edas renovables\",\"potentialAction\":[{\"@type\":\"SearchAction\",\"target\":{\"@type\":\"EntryPoint\",\"urlTemplate\":\"https:\/\/www.inove-ecoenergia.com\/en\/?s={search_term_string}\"},\"query-input\":{\"@type\":\"PropertyValueSpecification\",\"valueRequired\":true,\"valueName\":\"search_term_string\"}}],\"inLanguage\":\"en-US\"}]}<\/script>\n<!-- \/ Yoast SEO plugin. -->","yoast_head_json":{"title":"Contact Phone - Inove ecoenergia","robots":{"index":"index","follow":"follow","max-snippet":"max-snippet:-1","max-image-preview":"max-image-preview:large","max-video-preview":"max-video-preview:-1"},"canonical":"https:\/\/www.inove-ecoenergia.com\/en\/contact-phone\/","og_locale":"en_US","og_type":"article","og_title":"Contact Phone - Inove ecoenergia","og_description":"C\/ Pilar Bardem, 10, 29680 Estepona, M\u00e1lagaPhone951 21 67 32 Office hours M-F: 9:00 - 18:00 Work with us","og_url":"https:\/\/www.inove-ecoenergia.com\/en\/contact-phone\/","og_site_name":"Inove ecoenergia","twitter_card":"summary_large_image","twitter_misc":{"Est. reading time":"4 minutes"},"schema":{"@context":"https:\/\/schema.org","@graph":[{"@type":"WebPage","@id":"https:\/\/www.inove-ecoenergia.com\/en\/contact-phone\/","url":"https:\/\/www.inove-ecoenergia.com\/en\/contact-phone\/","name":"Contact Phone - Inove ecoenergia","isPartOf":{"@id":"https:\/\/www.inove-ecoenergia.com\/en\/#website"},"datePublished":"2023-01-12T10:31:31+00:00","breadcrumb":{"@id":"https:\/\/www.inove-ecoenergia.com\/en\/contact-phone\/#breadcrumb"},"inLanguage":"en-US","potentialAction":[{"@type":"ReadAction","target":["https:\/\/www.inove-ecoenergia.com\/en\/contact-phone\/"]}]},{"@type":"BreadcrumbList","@id":"https:\/\/www.inove-ecoenergia.com\/en\/contact-phone\/#breadcrumb","itemListElement":[{"@type":"ListItem","position":1,"name":"Portada","item":"https:\/\/www.inove-ecoenergia.com\/en\/"},{"@type":"ListItem","position":2,"name":"Contact Phone"}]},{"@type":"WebSite","@id":"https:\/\/www.inove-ecoenergia.com\/en\/#website","url":"https:\/\/www.inove-ecoenergia.com\/en\/","name":"Inove ecoenergia","description":"IINOVE ECOENERG\u00cdA, S.L. es una empresa dedicada a la instalaci\u00f3n, mantenimiento y venta de equipos y sistemas de energ\u00edas renovables","potentialAction":[{"@type":"SearchAction","target":{"@type":"EntryPoint","urlTemplate":"https:\/\/www.inove-ecoenergia.com\/en\/?s={search_term_string}"},"query-input":{"@type":"PropertyValueSpecification","valueRequired":true,"valueName":"search_term_string"}}],"inLanguage":"en-US"}]}},"_links":{"self":[{"href":"https:\/\/www.inove-ecoenergia.com\/en\/wp-json\/wp\/v2\/pages\/17575","targetHints":{"allow":["GET"]}}],"collection":[{"href":"https:\/\/www.inove-ecoenergia.com\/en\/wp-json\/wp\/v2\/pages"}],"about":[{"href":"https:\/\/www.inove-ecoenergia.com\/en\/wp-json\/wp\/v2\/types\/page"}],"author":[{"embeddable":true,"href":"https:\/\/www.inove-ecoenergia.com\/en\/wp-json\/wp\/v2\/users\/1"}],"replies":[{"embeddable":true,"href":"https:\/\/www.inove-ecoenergia.com\/en\/wp-json\/wp\/v2\/comments?post=17575"}],"version-history":[{"count":0,"href":"https:\/\/www.inove-ecoenergia.com\/en\/wp-json\/wp\/v2\/pages\/17575\/revisions"}],"wp:attachment":[{"href":"https:\/\/www.inove-ecoenergia.com\/en\/wp-json\/wp\/v2\/media?parent=17575"}],"curies":[{"name":"wp","href":"https:\/\/api.w.org\/{rel}","templated":true}]}}