{"id":17626,"date":"2022-12-28T17:29:15","date_gmt":"2022-12-28T16:29:15","guid":{"rendered":"https:\/\/www.inove-ecoenergia.com\/central-vacuum\/"},"modified":"2025-11-03T21:44:55","modified_gmt":"2025-11-03T20:44:55","slug":"central-vacuum","status":"publish","type":"page","link":"https:\/\/www.inove-ecoenergia.com\/en\/services\/central-vacuum\/","title":{"rendered":"Central Vacuum"},"content":{"rendered":"<p>[et_pb_section fb_built=&#8221;1&#8243; fullwidth=&#8221;on&#8221; disabled_on=&#8221;on|on|on&#8221; _builder_version=&#8221;4.15.1&#8243; _module_preset=&#8221;default&#8221; custom_margin=&#8221;0px||0px||true|false&#8221; custom_padding=&#8221;0px||0px||true|false&#8221; disabled=&#8221;on&#8221; global_colors_info=&#8221;{}&#8221;][et_pb_fullwidth_slider _builder_version=&#8221;4.15.1&#8243; _module_preset=&#8221;default&#8221; background_color=&#8221;RGBA(255,255,255,0)&#8221; custom_padding=&#8221;72px||72px||true|false&#8221; global_colors_info=&#8221;{}&#8221;][et_pb_slide heading=&#8221;CENTRALIZED ASPIRATION&#8221; use_bg_overlay=&#8221;off&#8221; use_text_overlay=&#8221;off&#8221; _builder_version=&#8221;4.15.1&#8243; _module_preset=&#8221;default&#8221; header_level=&#8221;h2&#8243; header_font=&#8221;|800|||||||&#8221; header_text_color=&#8221;#FFFFFF&#8221; header_font_size=&#8221;72px&#8221; body_font=&#8221;|600|||||||&#8221; body_font_size=&#8221;18px&#8221; background_enable_color=&#8221;off&#8221; background_image=&#8221;https:\/\/www.inove-ecoenergia.com\/wp-content\/uploads\/2022\/12\/ASPIRACION-CENTRALIZADA.jpg&#8221; background_enable_image=&#8221;on&#8221; background_size=&#8221;initial&#8221; custom_padding=&#8221;121px||121px||true|false&#8221; header_text_shadow_style=&#8221;preset3&#8243; body_text_shadow_style=&#8221;preset4&#8243; body_text_shadow_color=&#8221;#000000&#8243; global_colors_info=&#8221;{}&#8221; sticky_transition=&#8221;on&#8221;]<\/p>\n<p><span>Central vacuum systems for installations in homes, hotels or companies.<\/span><\/p>\n<p>[\/et_pb_slide][\/et_pb_fullwidth_slider][\/et_pb_section][et_pb_section fb_built=&#8221;1&#8243; fullwidth=&#8221;on&#8221; _builder_version=&#8221;4.15.1&#8243; _module_preset=&#8221;default&#8221; custom_margin=&#8221;0px||0px||true|false&#8221; custom_padding=&#8221;0px||0px||true|false&#8221; hover_enabled=&#8221;0&#8243; border_width_bottom=&#8221;5px&#8221; border_color_bottom=&#8221;#FFFFFF&#8221; locked=&#8221;off&#8221; global_colors_info=&#8221;{}&#8221; disabled_on=&#8221;on|off|off&#8221; sticky_enabled=&#8221;0&#8243;][et_pb_fullwidth_slider _builder_version=&#8221;4.15.1&#8243; _module_preset=&#8221;default&#8221; custom_button=&#8221;on&#8221; button_bg_color=&#8221;#E02B20&#8243; custom_padding=&#8221;72px||72px||true|false&#8221; global_colors_info=&#8221;{}&#8221;][et_pb_slide heading=&#8221;CENTRALIZED ASPIRATION&#8221; button_link=&#8221;https:\/\/www.inove-ecoenergia.com\/en\/services\/central-vacuum\/&#8221; use_bg_overlay=&#8221;on&#8221; bg_overlay_color=&#8221;RGBA(255,255,255,0)&#8221; use_text_overlay=&#8221;off&#8221; _builder_version=&#8221;4.15.1&#8243; _module_preset=&#8221;default&#8221; header_level=&#8221;h2&#8243; header_font=&#8221;|800|||||||&#8221; header_text_color=&#8221;#FFFFFF&#8221; header_font_size=&#8221;60px&#8221; background_enable_color=&#8221;off&#8221; background_image=&#8221;https:\/\/www.inove-ecoenergia.com\/wp-content\/uploads\/2022\/12\/ASPIRACION-CENTRALIZADA.jpg&#8221; background_enable_image=&#8221;on&#8221; background_size=&#8221;initial&#8221; custom_button=&#8221;on&#8221; button_text_size=&#8221;18px&#8221; button_text_color=&#8221;#FFFFFF&#8221; button_bg_color=&#8221;rgba(122,83,0,0.24)&#8221; button_border_width=&#8221;2px&#8221; button_border_color=&#8221;rgba(255,255,255,0.57)&#8221; button_border_radius=&#8221;10px&#8221; header_text_shadow_style=&#8221;preset3&#8243; header_text_shadow_blur_strength=&#8221;0.29em&#8221; header_text_shadow_color=&#8221;#000000&#8243; global_colors_info=&#8221;{}&#8221; sticky_transition=&#8221;on&#8221;][\/et_pb_slide][\/et_pb_fullwidth_slider][\/et_pb_section][et_pb_section fb_built=&#8221;1&#8243; fullwidth=&#8221;on&#8221; _builder_version=&#8221;4.15.1&#8243; _module_preset=&#8221;default&#8221; custom_margin=&#8221;0px||0px||true|false&#8221; custom_padding=&#8221;0px||0px||true|false&#8221; hover_enabled=&#8221;0&#8243; border_color_bottom=&#8221;#FFFFFF&#8221; box_shadow_style=&#8221;preset3&#8243; box_shadow_color=&#8221;rgba(12,113,195,0.16)&#8221; locked=&#8221;off&#8221; global_colors_info=&#8221;{}&#8221; disabled_on=&#8221;off|on|on&#8221; sticky_enabled=&#8221;0&#8243;][et_pb_fullwidth_slider _builder_version=&#8221;4.15.1&#8243; _module_preset=&#8221;default&#8221; custom_padding=&#8221;30px||30px||true|false&#8221; auto=&#8221;on&#8221; auto_speed=&#8221;3500&#8243; auto_ignore_hover=&#8221;on&#8221; hover_enabled=&#8221;0&#8243; global_colors_info=&#8221;{}&#8221; background_enable_color=&#8221;off&#8221; sticky_enabled=&#8221;0&#8243;][et_pb_slide heading=&#8221;CENTRALIZED ASPIRATION&#8221; button_link=&#8221;https:\/\/www.inove-ecoenergia.com\/en\/services\/central-vacuum\/&#8221; use_bg_overlay=&#8221;off&#8221; use_text_overlay=&#8221;off&#8221; _builder_version=&#8221;4.15.1&#8243; _module_preset=&#8221;default&#8221; header_level=&#8221;h2&#8243; header_font=&#8221;|800|||||||&#8221; header_text_color=&#8221;#FFFFFF&#8221; header_font_size=&#8221;34px&#8221; background_enable_color=&#8221;on&#8221; background_image=&#8221;https:\/\/www.inove-ecoenergia.com\/wp-content\/uploads\/2023\/01\/05_INOVE-Slider-Movil-Aspiracion-Centaralizada.jpg&#8221; background_enable_image=&#8221;on&#8221; background_size=&#8221;initial&#8221; custom_button=&#8221;on&#8221; button_text_size=&#8221;17px&#8221; button_text_color=&#8221;#FFFFFF&#8221; button_bg_color=&#8221;rgba(122,83,0,0.24)&#8221; button_border_width=&#8221;2px&#8221; button_border_color=&#8221;rgba(255,255,255,0.57)&#8221; button_border_radius=&#8221;10px&#8221; hover_enabled=&#8221;0&#8243; header_text_shadow_style=&#8221;preset3&#8243; header_text_shadow_blur_strength=&#8221;0.29em&#8221; header_text_shadow_color=&#8221;#000000&#8243; global_colors_info=&#8221;{}&#8221; sticky_transition=&#8221;on&#8221; background_color=&#8221;RGBA(255,255,255,0)&#8221; sticky_enabled=&#8221;0&#8243; title_text=&#8221;05_INOVE-Slider-Movil-Aspiracion-Centaralizada&#8221; button_bg_enable_color=&#8221;on&#8221;][\/et_pb_slide][\/et_pb_fullwidth_slider][\/et_pb_section][et_pb_section fb_built=&#8221;1&#8243; _builder_version=&#8221;4.15.1&#8243; _module_preset=&#8221;default&#8221; global_colors_info=&#8221;{}&#8221;][et_pb_row _builder_version=&#8221;4.15.1&#8243; _module_preset=&#8221;default&#8221; global_colors_info=&#8221;{}&#8221;][et_pb_column type=&#8221;4_4&#8243; _builder_version=&#8221;4.15.1&#8243; _module_preset=&#8221;default&#8221; global_colors_info=&#8221;{}&#8221;][et_pb_text _builder_version=&#8221;4.15.1&#8243; _module_preset=&#8221;default&#8221; global_colors_info=&#8221;{}&#8221;]<\/p>\n<h3 style=\"text-align: center;\"><span>Central vacuum systems for installations in homes, hotels or companies.<\/span><\/h3>\n<p>[\/et_pb_text][\/et_pb_column][\/et_pb_row][\/et_pb_section]<\/p>\n","protected":false},"excerpt":{"rendered":"<p>Central vacuum systems for installations in homes, hotels or companies.Central vacuum systems for installations in homes, hotels or companies.<\/p>\n","protected":false},"author":1,"featured_media":0,"parent":17565,"menu_order":50,"comment_status":"closed","ping_status":"closed","template":"","meta":{"_et_pb_use_builder":"on","_et_pb_old_content":"","_et_gb_content_width":"","footnotes":""},"class_list":["post-17626","page","type-page","status-publish","hentry"],"yoast_head":"<!-- This site is optimized with the Yoast SEO plugin v26.4 - https:\/\/yoast.com\/wordpress\/plugins\/seo\/ -->\n<title>Central Vacuum - Inove ecoenergia<\/title>\n<meta name=\"robots\" content=\"index, follow, max-snippet:-1, max-image-preview:large, max-video-preview:-1\" \/>\n<link rel=\"canonical\" href=\"https:\/\/www.inove-ecoenergia.com\/en\/services\/central-vacuum\/\" \/>\n<meta property=\"og:locale\" content=\"en_US\" \/>\n<meta property=\"og:type\" content=\"article\" \/>\n<meta property=\"og:title\" content=\"Central Vacuum - Inove ecoenergia\" \/>\n<meta property=\"og:description\" content=\"Central vacuum systems for installations in homes, hotels or companies.Central vacuum systems for installations in homes, hotels or companies.\" \/>\n<meta property=\"og:url\" content=\"https:\/\/www.inove-ecoenergia.com\/en\/services\/central-vacuum\/\" \/>\n<meta property=\"og:site_name\" content=\"Inove ecoenergia\" \/>\n<meta property=\"article:modified_time\" content=\"2025-11-03T20:44:55+00:00\" \/>\n<meta name=\"twitter:card\" content=\"summary_large_image\" \/>\n<meta name=\"twitter:label1\" content=\"Est. reading time\" \/>\n\t<meta name=\"twitter:data1\" content=\"3 minutes\" \/>\n<script type=\"application\/ld+json\" class=\"yoast-schema-graph\">{\"@context\":\"https:\/\/schema.org\",\"@graph\":[{\"@type\":\"WebPage\",\"@id\":\"https:\/\/www.inove-ecoenergia.com\/en\/services\/central-vacuum\/\",\"url\":\"https:\/\/www.inove-ecoenergia.com\/en\/services\/central-vacuum\/\",\"name\":\"Central Vacuum - Inove ecoenergia\",\"isPartOf\":{\"@id\":\"https:\/\/www.inove-ecoenergia.com\/en\/#website\"},\"datePublished\":\"2022-12-28T16:29:15+00:00\",\"dateModified\":\"2025-11-03T20:44:55+00:00\",\"breadcrumb\":{\"@id\":\"https:\/\/www.inove-ecoenergia.com\/en\/services\/central-vacuum\/#breadcrumb\"},\"inLanguage\":\"en-US\",\"potentialAction\":[{\"@type\":\"ReadAction\",\"target\":[\"https:\/\/www.inove-ecoenergia.com\/en\/services\/central-vacuum\/\"]}]},{\"@type\":\"BreadcrumbList\",\"@id\":\"https:\/\/www.inove-ecoenergia.com\/en\/services\/central-vacuum\/#breadcrumb\",\"itemListElement\":[{\"@type\":\"ListItem\",\"position\":1,\"name\":\"Portada\",\"item\":\"https:\/\/www.inove-ecoenergia.com\/en\/\"},{\"@type\":\"ListItem\",\"position\":2,\"name\":\"Services\",\"item\":\"https:\/\/www.inove-ecoenergia.com\/en\/services\/\"},{\"@type\":\"ListItem\",\"position\":3,\"name\":\"Central Vacuum\"}]},{\"@type\":\"WebSite\",\"@id\":\"https:\/\/www.inove-ecoenergia.com\/en\/#website\",\"url\":\"https:\/\/www.inove-ecoenergia.com\/en\/\",\"name\":\"Inove ecoenergia\",\"description\":\"IINOVE ECOENERG\u00cdA, S.L. es una empresa dedicada a la instalaci\u00f3n, mantenimiento y venta de equipos y sistemas de energ\u00edas renovables\",\"potentialAction\":[{\"@type\":\"SearchAction\",\"target\":{\"@type\":\"EntryPoint\",\"urlTemplate\":\"https:\/\/www.inove-ecoenergia.com\/en\/?s={search_term_string}\"},\"query-input\":{\"@type\":\"PropertyValueSpecification\",\"valueRequired\":true,\"valueName\":\"search_term_string\"}}],\"inLanguage\":\"en-US\"}]}<\/script>\n<!-- \/ Yoast SEO plugin. -->","yoast_head_json":{"title":"Central Vacuum - Inove ecoenergia","robots":{"index":"index","follow":"follow","max-snippet":"max-snippet:-1","max-image-preview":"max-image-preview:large","max-video-preview":"max-video-preview:-1"},"canonical":"https:\/\/www.inove-ecoenergia.com\/en\/services\/central-vacuum\/","og_locale":"en_US","og_type":"article","og_title":"Central Vacuum - Inove ecoenergia","og_description":"Central vacuum systems for installations in homes, hotels or companies.Central vacuum systems for installations in homes, hotels or companies.","og_url":"https:\/\/www.inove-ecoenergia.com\/en\/services\/central-vacuum\/","og_site_name":"Inove ecoenergia","article_modified_time":"2025-11-03T20:44:55+00:00","twitter_card":"summary_large_image","twitter_misc":{"Est. reading time":"3 minutes"},"schema":{"@context":"https:\/\/schema.org","@graph":[{"@type":"WebPage","@id":"https:\/\/www.inove-ecoenergia.com\/en\/services\/central-vacuum\/","url":"https:\/\/www.inove-ecoenergia.com\/en\/services\/central-vacuum\/","name":"Central Vacuum - Inove ecoenergia","isPartOf":{"@id":"https:\/\/www.inove-ecoenergia.com\/en\/#website"},"datePublished":"2022-12-28T16:29:15+00:00","dateModified":"2025-11-03T20:44:55+00:00","breadcrumb":{"@id":"https:\/\/www.inove-ecoenergia.com\/en\/services\/central-vacuum\/#breadcrumb"},"inLanguage":"en-US","potentialAction":[{"@type":"ReadAction","target":["https:\/\/www.inove-ecoenergia.com\/en\/services\/central-vacuum\/"]}]},{"@type":"BreadcrumbList","@id":"https:\/\/www.inove-ecoenergia.com\/en\/services\/central-vacuum\/#breadcrumb","itemListElement":[{"@type":"ListItem","position":1,"name":"Portada","item":"https:\/\/www.inove-ecoenergia.com\/en\/"},{"@type":"ListItem","position":2,"name":"Services","item":"https:\/\/www.inove-ecoenergia.com\/en\/services\/"},{"@type":"ListItem","position":3,"name":"Central Vacuum"}]},{"@type":"WebSite","@id":"https:\/\/www.inove-ecoenergia.com\/en\/#website","url":"https:\/\/www.inove-ecoenergia.com\/en\/","name":"Inove ecoenergia","description":"IINOVE ECOENERG\u00cdA, S.L. es una empresa dedicada a la instalaci\u00f3n, mantenimiento y venta de equipos y sistemas de energ\u00edas renovables","potentialAction":[{"@type":"SearchAction","target":{"@type":"EntryPoint","urlTemplate":"https:\/\/www.inove-ecoenergia.com\/en\/?s={search_term_string}"},"query-input":{"@type":"PropertyValueSpecification","valueRequired":true,"valueName":"search_term_string"}}],"inLanguage":"en-US"}]}},"_links":{"self":[{"href":"https:\/\/www.inove-ecoenergia.com\/en\/wp-json\/wp\/v2\/pages\/17626","targetHints":{"allow":["GET"]}}],"collection":[{"href":"https:\/\/www.inove-ecoenergia.com\/en\/wp-json\/wp\/v2\/pages"}],"about":[{"href":"https:\/\/www.inove-ecoenergia.com\/en\/wp-json\/wp\/v2\/types\/page"}],"author":[{"embeddable":true,"href":"https:\/\/www.inove-ecoenergia.com\/en\/wp-json\/wp\/v2\/users\/1"}],"replies":[{"embeddable":true,"href":"https:\/\/www.inove-ecoenergia.com\/en\/wp-json\/wp\/v2\/comments?post=17626"}],"version-history":[{"count":3,"href":"https:\/\/www.inove-ecoenergia.com\/en\/wp-json\/wp\/v2\/pages\/17626\/revisions"}],"predecessor-version":[{"id":18015,"href":"https:\/\/www.inove-ecoenergia.com\/en\/wp-json\/wp\/v2\/pages\/17626\/revisions\/18015"}],"up":[{"embeddable":true,"href":"https:\/\/www.inove-ecoenergia.com\/en\/wp-json\/wp\/v2\/pages\/17565"}],"wp:attachment":[{"href":"https:\/\/www.inove-ecoenergia.com\/en\/wp-json\/wp\/v2\/media?parent=17626"}],"curies":[{"name":"wp","href":"https:\/\/api.w.org\/{rel}","templated":true}]}}