{"id":17664,"date":"2023-01-02T10:14:11","date_gmt":"2023-01-02T09:14:11","guid":{"rendered":"https:\/\/www.inove-ecoenergia.com\/ventilation\/"},"modified":"2025-11-03T21:46:39","modified_gmt":"2025-11-03T20:46:39","slug":"ventilation","status":"publish","type":"page","link":"https:\/\/www.inove-ecoenergia.com\/en\/services\/ventilation\/","title":{"rendered":"Ventilation"},"content":{"rendered":"<p>[et_pb_section fb_built=&#8221;1&#8243; fullwidth=&#8221;on&#8221; disabled_on=&#8221;on|on|on&#8221; _builder_version=&#8221;4.15.1&#8243; _module_preset=&#8221;default&#8221; custom_margin=&#8221;0px||0px||true|false&#8221; custom_padding=&#8221;0px||0px||true|false&#8221; disabled=&#8221;on&#8221; global_colors_info=&#8221;{}&#8221;][et_pb_fullwidth_slider _builder_version=&#8221;4.15.1&#8243; _module_preset=&#8221;default&#8221; background_color=&#8221;RGBA(255,255,255,0)&#8221; custom_padding=&#8221;72px||72px||true|false&#8221; global_colors_info=&#8221;{}&#8221;][et_pb_slide heading=&#8221;Ventilation&#8221; use_bg_overlay=&#8221;off&#8221; use_text_overlay=&#8221;off&#8221; _builder_version=&#8221;4.15.1&#8243; _module_preset=&#8221;default&#8221; header_level=&#8221;h2&#8243; header_font=&#8221;|800|||||||&#8221; header_text_color=&#8221;#5b5b5b&#8221; header_font_size=&#8221;72px&#8221; body_font=&#8221;|700|||||||&#8221; body_text_color=&#8221;#000000&#8243; body_font_size=&#8221;18px&#8221; background_enable_color=&#8221;off&#8221; background_image=&#8221;https:\/\/www.inove-ecoenergia.com\/wp-content\/uploads\/2023\/01\/VENTILACION.jpg&#8221; background_enable_image=&#8221;on&#8221; background_size=&#8221;initial&#8221; custom_padding=&#8221;40px||40px||true|false&#8221; header_text_shadow_style=&#8221;preset3&#8243; header_text_shadow_color=&#8221;#FFFFFF&#8221; body_text_shadow_style=&#8221;preset2&#8243; body_text_shadow_blur_strength=&#8221;0.55em&#8221; body_text_shadow_color=&#8221;#FFFFFF&#8221; global_colors_info=&#8221;{}&#8221; sticky_transition=&#8221;on&#8221;]<\/p>\n<p>Assembly of ducts for small and large flow rates.<\/p>\n<p><\/p>\n<p>Dehumidification systems.<\/p>\n<p><\/p>\n<p>Installations for air renewal including heat recovery systems for discotheques, pubs, factories, sports centers, etc. According to regulations. <\/p>\n<p>[\/et_pb_slide][\/et_pb_fullwidth_slider][\/et_pb_section][et_pb_section fb_built=&#8221;1&#8243; fullwidth=&#8221;on&#8221; _builder_version=&#8221;4.15.1&#8243; _module_preset=&#8221;default&#8221; custom_margin=&#8221;0px||0px||true|false&#8221; custom_padding=&#8221;0px||0px||true|false&#8221; hover_enabled=&#8221;0&#8243; border_width_bottom=&#8221;5px&#8221; border_color_bottom=&#8221;rgba(81,10,4,0.24)&#8221; locked=&#8221;off&#8221; global_colors_info=&#8221;{}&#8221; disabled_on=&#8221;on|off|off&#8221; sticky_enabled=&#8221;0&#8243;][et_pb_fullwidth_slider _builder_version=&#8221;4.15.1&#8243; _module_preset=&#8221;default&#8221; custom_button=&#8221;on&#8221; button_bg_color=&#8221;#E02B20&#8243; custom_padding=&#8221;72px||72px||true|false&#8221; global_colors_info=&#8221;{}&#8221;][et_pb_slide heading=&#8221;Ventilation&#8221; button_link=&#8221;https:\/\/www.inove-ecoenergia.com\/en\/services\/ventilation\/&#8221; use_bg_overlay=&#8221;off&#8221; use_text_overlay=&#8221;off&#8221; _builder_version=&#8221;4.15.1&#8243; _module_preset=&#8221;default&#8221; header_level=&#8221;h2&#8243; header_font=&#8221;|800|||||||&#8221; header_text_color=&#8221;#565656&#8243; header_font_size=&#8221;60px&#8221; body_font=&#8221;|600|||||||&#8221; body_text_color=&#8221;#00378b&#8221; body_font_size=&#8221;18px&#8221; background_enable_color=&#8221;off&#8221; background_image=&#8221;https:\/\/www.inove-ecoenergia.com\/wp-content\/uploads\/2023\/01\/VENTILACION.jpg&#8221; background_enable_image=&#8221;on&#8221; background_size=&#8221;initial&#8221; custom_button=&#8221;on&#8221; button_text_size=&#8221;18px&#8221; button_text_color=&#8221;#000000&#8243; button_bg_color=&#8221;rgba(255,255,255,0.3)&#8221; button_border_width=&#8221;1px&#8221; button_border_color=&#8221;#000000&#8243; button_border_radius=&#8221;10px&#8221; custom_padding=&#8221;60px||60px||true|false&#8221; header_text_shadow_style=&#8221;preset3&#8243; header_text_shadow_color=&#8221;#FFFFFF&#8221; body_text_shadow_style=&#8221;preset4&#8243; body_text_shadow_color=&#8221;#FFFFFF&#8221; global_colors_info=&#8221;{}&#8221; sticky_transition=&#8221;on&#8221;][\/et_pb_slide][\/et_pb_fullwidth_slider][\/et_pb_section][et_pb_section fb_built=&#8221;1&#8243; fullwidth=&#8221;on&#8221; _builder_version=&#8221;4.15.1&#8243; _module_preset=&#8221;default&#8221; custom_margin=&#8221;0px||0px||true|false&#8221; custom_padding=&#8221;0px||0px||true|false&#8221; hover_enabled=&#8221;0&#8243; border_color_bottom=&#8221;#FFFFFF&#8221; box_shadow_style=&#8221;preset3&#8243; box_shadow_color=&#8221;rgba(12,113,195,0.16)&#8221; locked=&#8221;off&#8221; global_colors_info=&#8221;{}&#8221; disabled_on=&#8221;off|on|on&#8221; sticky_enabled=&#8221;0&#8243;][et_pb_fullwidth_slider _builder_version=&#8221;4.15.1&#8243; _module_preset=&#8221;default&#8221; custom_padding=&#8221;30px||30px||true|false&#8221; auto=&#8221;on&#8221; auto_speed=&#8221;3500&#8243; auto_ignore_hover=&#8221;on&#8221; hover_enabled=&#8221;0&#8243; global_colors_info=&#8221;{}&#8221; background_enable_color=&#8221;off&#8221; sticky_enabled=&#8221;0&#8243;][et_pb_slide heading=&#8221;Ventilation&#8221; button_link=&#8221;https:\/\/www.inove-ecoenergia.com\/en\/services\/ventilation\/&#8221; use_bg_overlay=&#8221;off&#8221; use_text_overlay=&#8221;off&#8221; _builder_version=&#8221;4.15.1&#8243; _module_preset=&#8221;default&#8221; header_level=&#8221;h2&#8243; header_font=&#8221;|800|||||||&#8221; header_text_color=&#8221;#FFFFFF&#8221; header_font_size=&#8221;34px&#8221; background_enable_color=&#8221;on&#8221; background_image=&#8221;https:\/\/www.inove-ecoenergia.com\/wp-content\/uploads\/2023\/01\/16_INOVE-Slider-Movil-VENTILACION.jpg&#8221; background_enable_image=&#8221;on&#8221; background_size=&#8221;initial&#8221; custom_button=&#8221;on&#8221; button_text_size=&#8221;17px&#8221; button_text_color=&#8221;#FFFFFF&#8221; button_bg_color=&#8221;rgba(107,0,28,0.56)&#8221; button_border_width=&#8221;2px&#8221; button_border_color=&#8221;rgba(255,255,255,0.57)&#8221; button_border_radius=&#8221;10px&#8221; hover_enabled=&#8221;0&#8243; header_text_shadow_style=&#8221;preset3&#8243; header_text_shadow_blur_strength=&#8221;0.29em&#8221; header_text_shadow_color=&#8221;#000000&#8243; global_colors_info=&#8221;{}&#8221; sticky_transition=&#8221;on&#8221; background_color=&#8221;RGBA(255,255,255,0)&#8221; sticky_enabled=&#8221;0&#8243; title_text=&#8221;16_INOVE-Slider-Movil-VENTILACION&#8221; button_bg_enable_color=&#8221;on&#8221;][\/et_pb_slide][\/et_pb_fullwidth_slider][\/et_pb_section][et_pb_section fb_built=&#8221;1&#8243; _builder_version=&#8221;4.15.1&#8243; _module_preset=&#8221;default&#8221; global_colors_info=&#8221;{}&#8221;][et_pb_row _builder_version=&#8221;4.15.1&#8243; _module_preset=&#8221;default&#8221; global_colors_info=&#8221;{}&#8221;][et_pb_column type=&#8221;4_4&#8243; _builder_version=&#8221;4.15.1&#8243; _module_preset=&#8221;default&#8221; global_colors_info=&#8221;{}&#8221;][et_pb_text _builder_version=&#8221;4.15.1&#8243; _module_preset=&#8221;default&#8221; header_3_line_height=&#8221;1.7em&#8221; global_colors_info=&#8221;{}&#8221;]<\/p>\n<h3 style=\"text-align: center;\">Assembly of ducts for small and large flow rates.<\/h3>\n<p><\/p>\n<h3 style=\"text-align: center;\">Dehumidification systems.<\/h3>\n<p><\/p>\n<h3 style=\"text-align: center;\">Installations for air renewal including heat recovery systems for discotheques, pubs, factories, sports centers, etc. According to regulations. <\/h3>\n<p>[\/et_pb_text][\/et_pb_column][\/et_pb_row][\/et_pb_section]<\/p>\n","protected":false},"excerpt":{"rendered":"<p>Assembly of ducts for small and large flow rates.Dehumidification systems.Installations for air renewal including heat recovery systems for discotheques, pubs, factories, sports centers, etc. According to regulations. Assembly of ducts for small and large flow rates.Dehumidification systems.Installations for air renewal including heat recovery systems for discotheques, pubs, factories, sports centers, etc. According to regulations.<\/p>\n","protected":false},"author":1,"featured_media":0,"parent":17565,"menu_order":63,"comment_status":"closed","ping_status":"closed","template":"","meta":{"_et_pb_use_builder":"on","_et_pb_old_content":"","_et_gb_content_width":"","footnotes":""},"class_list":["post-17664","page","type-page","status-publish","hentry"],"yoast_head":"<!-- This site is optimized with the Yoast SEO plugin v26.4 - https:\/\/yoast.com\/wordpress\/plugins\/seo\/ -->\n<title>Ventilation - Inove ecoenergia<\/title>\n<meta name=\"robots\" content=\"index, follow, max-snippet:-1, max-image-preview:large, max-video-preview:-1\" \/>\n<link rel=\"canonical\" href=\"https:\/\/www.inove-ecoenergia.com\/en\/services\/ventilation\/\" \/>\n<meta property=\"og:locale\" content=\"en_US\" \/>\n<meta property=\"og:type\" content=\"article\" \/>\n<meta property=\"og:title\" content=\"Ventilation - Inove ecoenergia\" \/>\n<meta property=\"og:description\" content=\"Assembly of ducts for small and large flow rates.Dehumidification systems.Installations for air renewal including heat recovery systems for discotheques, pubs, factories, sports centers, etc. According to regulations. Assembly of ducts for small and large flow rates.Dehumidification systems.Installations for air renewal including heat recovery systems for discotheques, pubs, factories, sports centers, etc. According to regulations.\" \/>\n<meta property=\"og:url\" content=\"https:\/\/www.inove-ecoenergia.com\/en\/services\/ventilation\/\" \/>\n<meta property=\"og:site_name\" content=\"Inove ecoenergia\" \/>\n<meta property=\"article:modified_time\" content=\"2025-11-03T20:46:39+00:00\" \/>\n<meta name=\"twitter:card\" content=\"summary_large_image\" \/>\n<meta name=\"twitter:label1\" content=\"Est. reading time\" \/>\n\t<meta name=\"twitter:data1\" content=\"4 minutes\" \/>\n<script type=\"application\/ld+json\" class=\"yoast-schema-graph\">{\"@context\":\"https:\/\/schema.org\",\"@graph\":[{\"@type\":\"WebPage\",\"@id\":\"https:\/\/www.inove-ecoenergia.com\/en\/services\/ventilation\/\",\"url\":\"https:\/\/www.inove-ecoenergia.com\/en\/services\/ventilation\/\",\"name\":\"Ventilation - Inove ecoenergia\",\"isPartOf\":{\"@id\":\"https:\/\/www.inove-ecoenergia.com\/en\/#website\"},\"datePublished\":\"2023-01-02T09:14:11+00:00\",\"dateModified\":\"2025-11-03T20:46:39+00:00\",\"breadcrumb\":{\"@id\":\"https:\/\/www.inove-ecoenergia.com\/en\/services\/ventilation\/#breadcrumb\"},\"inLanguage\":\"en-US\",\"potentialAction\":[{\"@type\":\"ReadAction\",\"target\":[\"https:\/\/www.inove-ecoenergia.com\/en\/services\/ventilation\/\"]}]},{\"@type\":\"BreadcrumbList\",\"@id\":\"https:\/\/www.inove-ecoenergia.com\/en\/services\/ventilation\/#breadcrumb\",\"itemListElement\":[{\"@type\":\"ListItem\",\"position\":1,\"name\":\"Portada\",\"item\":\"https:\/\/www.inove-ecoenergia.com\/en\/\"},{\"@type\":\"ListItem\",\"position\":2,\"name\":\"Services\",\"item\":\"https:\/\/www.inove-ecoenergia.com\/en\/services\/\"},{\"@type\":\"ListItem\",\"position\":3,\"name\":\"Ventilation\"}]},{\"@type\":\"WebSite\",\"@id\":\"https:\/\/www.inove-ecoenergia.com\/en\/#website\",\"url\":\"https:\/\/www.inove-ecoenergia.com\/en\/\",\"name\":\"Inove ecoenergia\",\"description\":\"IINOVE ECOENERG\u00cdA, S.L. es una empresa dedicada a la instalaci\u00f3n, mantenimiento y venta de equipos y sistemas de energ\u00edas renovables\",\"potentialAction\":[{\"@type\":\"SearchAction\",\"target\":{\"@type\":\"EntryPoint\",\"urlTemplate\":\"https:\/\/www.inove-ecoenergia.com\/en\/?s={search_term_string}\"},\"query-input\":{\"@type\":\"PropertyValueSpecification\",\"valueRequired\":true,\"valueName\":\"search_term_string\"}}],\"inLanguage\":\"en-US\"}]}<\/script>\n<!-- \/ Yoast SEO plugin. -->","yoast_head_json":{"title":"Ventilation - Inove ecoenergia","robots":{"index":"index","follow":"follow","max-snippet":"max-snippet:-1","max-image-preview":"max-image-preview:large","max-video-preview":"max-video-preview:-1"},"canonical":"https:\/\/www.inove-ecoenergia.com\/en\/services\/ventilation\/","og_locale":"en_US","og_type":"article","og_title":"Ventilation - Inove ecoenergia","og_description":"Assembly of ducts for small and large flow rates.Dehumidification systems.Installations for air renewal including heat recovery systems for discotheques, pubs, factories, sports centers, etc. According to regulations. Assembly of ducts for small and large flow rates.Dehumidification systems.Installations for air renewal including heat recovery systems for discotheques, pubs, factories, sports centers, etc. According to regulations.","og_url":"https:\/\/www.inove-ecoenergia.com\/en\/services\/ventilation\/","og_site_name":"Inove ecoenergia","article_modified_time":"2025-11-03T20:46:39+00:00","twitter_card":"summary_large_image","twitter_misc":{"Est. reading time":"4 minutes"},"schema":{"@context":"https:\/\/schema.org","@graph":[{"@type":"WebPage","@id":"https:\/\/www.inove-ecoenergia.com\/en\/services\/ventilation\/","url":"https:\/\/www.inove-ecoenergia.com\/en\/services\/ventilation\/","name":"Ventilation - Inove ecoenergia","isPartOf":{"@id":"https:\/\/www.inove-ecoenergia.com\/en\/#website"},"datePublished":"2023-01-02T09:14:11+00:00","dateModified":"2025-11-03T20:46:39+00:00","breadcrumb":{"@id":"https:\/\/www.inove-ecoenergia.com\/en\/services\/ventilation\/#breadcrumb"},"inLanguage":"en-US","potentialAction":[{"@type":"ReadAction","target":["https:\/\/www.inove-ecoenergia.com\/en\/services\/ventilation\/"]}]},{"@type":"BreadcrumbList","@id":"https:\/\/www.inove-ecoenergia.com\/en\/services\/ventilation\/#breadcrumb","itemListElement":[{"@type":"ListItem","position":1,"name":"Portada","item":"https:\/\/www.inove-ecoenergia.com\/en\/"},{"@type":"ListItem","position":2,"name":"Services","item":"https:\/\/www.inove-ecoenergia.com\/en\/services\/"},{"@type":"ListItem","position":3,"name":"Ventilation"}]},{"@type":"WebSite","@id":"https:\/\/www.inove-ecoenergia.com\/en\/#website","url":"https:\/\/www.inove-ecoenergia.com\/en\/","name":"Inove ecoenergia","description":"IINOVE ECOENERG\u00cdA, S.L. es una empresa dedicada a la instalaci\u00f3n, mantenimiento y venta de equipos y sistemas de energ\u00edas renovables","potentialAction":[{"@type":"SearchAction","target":{"@type":"EntryPoint","urlTemplate":"https:\/\/www.inove-ecoenergia.com\/en\/?s={search_term_string}"},"query-input":{"@type":"PropertyValueSpecification","valueRequired":true,"valueName":"search_term_string"}}],"inLanguage":"en-US"}]}},"_links":{"self":[{"href":"https:\/\/www.inove-ecoenergia.com\/en\/wp-json\/wp\/v2\/pages\/17664","targetHints":{"allow":["GET"]}}],"collection":[{"href":"https:\/\/www.inove-ecoenergia.com\/en\/wp-json\/wp\/v2\/pages"}],"about":[{"href":"https:\/\/www.inove-ecoenergia.com\/en\/wp-json\/wp\/v2\/types\/page"}],"author":[{"embeddable":true,"href":"https:\/\/www.inove-ecoenergia.com\/en\/wp-json\/wp\/v2\/users\/1"}],"replies":[{"embeddable":true,"href":"https:\/\/www.inove-ecoenergia.com\/en\/wp-json\/wp\/v2\/comments?post=17664"}],"version-history":[{"count":3,"href":"https:\/\/www.inove-ecoenergia.com\/en\/wp-json\/wp\/v2\/pages\/17664\/revisions"}],"predecessor-version":[{"id":18040,"href":"https:\/\/www.inove-ecoenergia.com\/en\/wp-json\/wp\/v2\/pages\/17664\/revisions\/18040"}],"up":[{"embeddable":true,"href":"https:\/\/www.inove-ecoenergia.com\/en\/wp-json\/wp\/v2\/pages\/17565"}],"wp:attachment":[{"href":"https:\/\/www.inove-ecoenergia.com\/en\/wp-json\/wp\/v2\/media?parent=17664"}],"curies":[{"name":"wp","href":"https:\/\/api.w.org\/{rel}","templated":true}]}}