{"id":17675,"date":"2023-01-03T10:53:31","date_gmt":"2023-01-03T09:53:31","guid":{"rendered":"https:\/\/www.inove-ecoenergia.com\/cv-form\/"},"modified":"2024-11-06T20:55:21","modified_gmt":"2024-11-06T19:55:21","slug":"cv-form","status":"publish","type":"page","link":"https:\/\/www.inove-ecoenergia.com\/en\/cv-form\/","title":{"rendered":"CV Form"},"content":{"rendered":"<p>[et_pb_section fb_built=&#8221;1&#8243; disabled_on=&#8221;off|off|off&#8221; module_id=&#8221;formulario_cv&#8221; _builder_version=&#8221;4.20.2&#8243; _module_preset=&#8221;default&#8221; background_color=&#8221;rgba(12,113,195,0.1)&#8221; custom_padding=&#8221;0px||0px||false|false&#8221; border_width_top=&#8221;9px&#8221; border_color_top=&#8221;RGBA(255,255,255,0)&#8221; border_style_top=&#8221;dotted&#8221; locked=&#8221;off&#8221; global_colors_info=&#8221;{}&#8221;][et_pb_row _builder_version=&#8221;4.16&#8243; _module_preset=&#8221;default&#8221; global_colors_info=&#8221;{}&#8221;][et_pb_column type=&#8221;4_4&#8243; _builder_version=&#8221;4.16&#8243; _module_preset=&#8221;default&#8221; global_colors_info=&#8221;{}&#8221;][et_pb_text _builder_version=&#8221;4.16&#8243; _module_preset=&#8221;default&#8221; header_2_font=&#8221;|800|||||||&#8221; header_2_text_color=&#8221;rgba(11,40,188,0.39)&#8221; header_2_font_size=&#8221;47px&#8221; custom_margin=&#8221;||2px|||&#8221; global_colors_info=&#8221;{}&#8221;]<\/p>\n<h2 style=\"text-align: center;\">OFFER OF EMPLOYMENT<\/h2>\n<p>[\/et_pb_text][et_pb_text _builder_version=&#8221;4.16&#8243; _module_preset=&#8221;default&#8221; header_2_text_color=&#8221;#9e9e9e&#8221; header_2_font_size=&#8221;47px&#8221; header_3_font=&#8221;|600|on||||||&#8221; header_3_text_color=&#8221;rgba(9,36,158,0.76)&#8221; header_3_font_size=&#8221;16px&#8221; custom_margin=&#8221;||11px|||&#8221; global_colors_info=&#8221;{}&#8221;]<\/p>\n<h3 style=\"text-align: center;\">Do you want to be part of our team?<\/h3>\n<p>[\/et_pb_text][et_pb_text _builder_version=&#8221;4.16&#8243; _module_preset=&#8221;default&#8221; header_2_text_color=&#8221;#9e9e9e&#8221; header_2_font_size=&#8221;47px&#8221; header_3_font=&#8221;||||||||&#8221; header_3_text_color=&#8221;#0b0368&#8243; header_3_font_size=&#8221;20px&#8221; custom_margin=&#8221;||11px|||&#8221; global_colors_info=&#8221;{}&#8221;]<\/p>\n<h3 style=\"text-align: center;\">We are looking for installers with experience in air conditioning, plumbing and electricity. Immediate incorporation. <\/h3>\n<p>[\/et_pb_text][\/et_pb_column][\/et_pb_row][\/et_pb_section][et_pb_section fb_built=&#8221;1&#8243; admin_label=&#8221;section&#8221; _builder_version=&#8221;4.16&#8243; custom_padding=&#8221;18px||14px|||&#8221; border_width_top=&#8221;9px&#8221; border_color_top=&#8221;rgba(124,187,226,0.24)&#8221; border_style_top=&#8221;dotted&#8221; locked=&#8221;off&#8221; global_colors_info=&#8221;{}&#8221;][et_pb_row admin_label=&#8221;row&#8221; _builder_version=&#8221;4.16&#8243; background_size=&#8221;initial&#8221; background_position=&#8221;top_left&#8221; background_repeat=&#8221;repeat&#8221; global_colors_info=&#8221;{}&#8221;][et_pb_column type=&#8221;4_4&#8243; _builder_version=&#8221;4.16&#8243; custom_padding=&#8221;|||&#8221; global_colors_info=&#8221;{}&#8221; custom_padding__hover=&#8221;|||&#8221;][et_pb_text _builder_version=&#8221;4.16&#8243; _module_preset=&#8221;default&#8221; header_3_text_color=&#8221;#00378b&#8221; custom_margin=&#8221;||12px||false|false&#8221; border_width_bottom=&#8221;1px&#8221; border_color_bottom=&#8221;rgba(0,55,139,0.33)&#8221; locked=&#8221;off&#8221; global_colors_info=&#8221;{}&#8221;]<\/p>\n<h3>SEND US YOUR RESUME<\/h3>\n<p>[\/et_pb_text][et_pb_text _builder_version=&#8221;4.16&#8243; _module_preset=&#8221;default&#8221; header_3_text_color=&#8221;#00378b&#8221; header_3_font_size=&#8221;19px&#8221; header_3_line_height=&#8221;1.3em&#8221; custom_margin=&#8221;||9px||false|false&#8221; custom_padding=&#8221;||9px||false|false&#8221; border_width_bottom=&#8221;1px&#8221; border_color_bottom=&#8221;rgba(0,0,0,0.29)&#8221; locked=&#8221;off&#8221; global_colors_info=&#8221;{}&#8221;]<\/p>\n<h3 class=\"text-justify\">Welcome to the Employment page of <strong>Inove Ecoenerg\u00eda S.L.<\/strong>, a space to learn about the latest job offers.<\/h3>\n<h3 class=\"text-justify\">Be part of a team full of talent, focused on excellence and giving the best to its clientele.<\/h3>\n<p>[\/et_pb_text][et_pb_text _builder_version=&#8221;4.16&#8243; _module_preset=&#8221;default&#8221; custom_margin=&#8221;0px||||false|false&#8221; custom_padding=&#8221;0px||||false|false&#8221; hover_enabled=&#8221;0&#8243; global_colors_info=&#8221;{}&#8221; sticky_enabled=&#8221;0&#8243;]<\/p>\n\n<div class=\"wpcf7 no-js\" id=\"wpcf7-f8753-o1\" lang=\"es-ES\" dir=\"ltr\" data-wpcf7-id=\"8753\">\n<div class=\"screen-reader-response\"><p role=\"status\" aria-live=\"polite\" aria-atomic=\"true\"><\/p> <ul><\/ul><\/div>\n<form action=\"\/en\/wp-json\/wp\/v2\/pages\/17675#wpcf7-f8753-o1\" method=\"post\" class=\"wpcf7-form init\" aria-label=\"Formulario de contacto\" enctype=\"multipart\/form-data\" novalidate=\"novalidate\" data-status=\"init\">\n<fieldset class=\"hidden-fields-container\"><input type=\"hidden\" name=\"_wpcf7\" value=\"8753\" \/><input type=\"hidden\" name=\"_wpcf7_version\" value=\"6.1.3\" \/><input type=\"hidden\" name=\"_wpcf7_locale\" value=\"es_ES\" \/><input type=\"hidden\" name=\"_wpcf7_unit_tag\" value=\"wpcf7-f8753-o1\" \/><input type=\"hidden\" name=\"_wpcf7_container_post\" value=\"0\" \/><input type=\"hidden\" name=\"_wpcf7_posted_data_hash\" value=\"\" \/>\n<\/fieldset>\n<div class=\"et_pb_contact\">\n\t<div class=\"et_pb_contact_form\">\n\t\t<p class=\"et_pb_contact_field et_pb_contact_field_half\"><span class=\"wpcf7-form-control-wrap\" data-name=\"Nombre\"><input size=\"40\" maxlength=\"400\" class=\"wpcf7-form-control wpcf7-text wpcf7-validates-as-required\" aria-required=\"true\" aria-invalid=\"false\" placeholder=\"NOMBRE*\" value=\"\" type=\"text\" name=\"Nombre\" \/><\/span>\n\t\t<\/p>\n\t\t<p class=\"et_pb_contact_field et_pb_contact_field_half et_pb_contact_field_last\"><span class=\"wpcf7-form-control-wrap\" data-name=\"Apellidos\"><input size=\"40\" maxlength=\"400\" class=\"wpcf7-form-control wpcf7-text\" aria-invalid=\"false\" placeholder=\"APELLIDOS\" value=\"\" type=\"text\" name=\"Apellidos\" \/><\/span>\n\t\t<\/p>\n\t\t<p class=\"et_pb_contact_field et_pb_contact_field_half\"><span class=\"wpcf7-form-control-wrap\" data-name=\"email\"><input size=\"40\" maxlength=\"400\" class=\"wpcf7-form-control wpcf7-email wpcf7-validates-as-required wpcf7-text wpcf7-validates-as-email\" aria-required=\"true\" aria-invalid=\"false\" placeholder=\"CORREO ELECTR\u00d3NICO*\" value=\"\" type=\"email\" name=\"email\" \/><\/span>\n\t\t<\/p>\n\t\t<p class=\"et_pb_contact_field et_pb_contact_field_half et_pb_contact_field_last\"><span class=\"wpcf7-form-control-wrap\" data-name=\"tel\"><input size=\"40\" maxlength=\"400\" class=\"wpcf7-form-control wpcf7-tel wpcf7-validates-as-required wpcf7-text wpcf7-validates-as-tel\" aria-required=\"true\" aria-invalid=\"false\" placeholder=\"TEL\u00c9FONO*\" value=\"\" type=\"tel\" name=\"tel\" \/><\/span>\n\t\t<\/p>\n\t\t<p class=\"et_pb_contact_field et_pb_contact_field_last\"><span class=\"wpcf7-form-control-wrap\" data-name=\"mensaje\"><textarea cols=\"40\" rows=\"10\" maxlength=\"2000\" class=\"wpcf7-form-control wpcf7-textarea wpcf7-validates-as-required\" aria-required=\"true\" aria-invalid=\"false\" placeholder=\"MENSAJE*\" name=\"mensaje\"><\/textarea><\/span>\n\t\t<\/p>\n\t\t<p class=\"et_pb_contact_field et_pb_contact_field_last\">\u00bfDesea adjuntar alg\u00fan archivo? (Formatos doc, jpg o pdf) <!-- br--><span class=\"wpcf7-form-control-wrap\" data-name=\"adjunto\"><input size=\"40\" class=\"wpcf7-form-control wpcf7-file\" accept=\".doc,.jpg,.pdf\" aria-invalid=\"false\" type=\"file\" name=\"adjunto\" \/><\/span>\n\t\t<\/p>\n\t<\/div>\n<\/div>\n<p><span class=\"wpcf7-form-control-wrap\" data-name=\"protecciondatos\"><span class=\"wpcf7-form-control wpcf7-acceptance\"><span class=\"wpcf7-list-item\"><label><input type=\"checkbox\" name=\"protecciondatos\" value=\"1\" class=\"protect\" aria-invalid=\"false\" \/><span class=\"wpcf7-list-item-label\">He le\u00eddo y acepto la <a href=\"https:\/\/www.inove-ecoenergia.com\/politica-de-privacidad\/?et_fb=1&amp;PageSpeed=off\" target=\"_blank\"> pol\u00edtica de privacidad <\/a> de este sitio<\/span><\/label><\/span><\/span><\/span>\n<\/p>\n<div class=\"et_contact_bottom_container\">\n\t<p><input class=\"wpcf7-form-control wpcf7-submit has-spinner et_pb_contact_submit et_pb_button\" type=\"submit\" value=\"ENVIAR\" \/>\n\t<\/p>\n<\/div><p style=\"display: none !important;\" class=\"akismet-fields-container\" data-prefix=\"_wpcf7_ak_\"><label>&#916;<textarea name=\"_wpcf7_ak_hp_textarea\" cols=\"45\" rows=\"8\" maxlength=\"100\"><\/textarea><\/label><input type=\"hidden\" id=\"ak_js_1\" name=\"_wpcf7_ak_js\" value=\"210\"\/><script>document.getElementById( \"ak_js_1\" ).setAttribute( \"value\", ( new Date() ).getTime() );<\/script><\/p><div class=\"wpcf7-response-output\" aria-hidden=\"true\"><\/div>\n<\/form>\n<\/div>\n\n<p>[\/et_pb_text][et_pb_text _builder_version=&#8221;4.16&#8243; _module_preset=&#8221;default&#8221; custom_margin=&#8221;53px||||false|false&#8221; locked=&#8221;off&#8221; global_colors_info=&#8221;{}&#8221;]<\/p>\n<p><span>In compliance with the provisions of Law 15\/1999, December 13, Protection of Personal Data, we inform you that by completing this form, your personal data will be stored and processed in a file owned by INOVE ECOENERGIA, SL in order to manage your request. Also, unless you expressly state otherwise, your personal data may be used to keep you informed of news and developments related to their services. Similarly, we inform you of the possibility of exercising your rights of access, rectification, cancellation and opposition of your personal data by email to info@inove-ecoenergia.com or by writing to INOVE ECOENERGIA, S. L., CALLE PILAR BARDEM N\u00ba10, C.P. 29680, ESTEPONA (M\u00c1LAGA), enclosing a photocopy of your ID.  <\/span><\/p>\n<p>[\/et_pb_text][\/et_pb_column][\/et_pb_row][\/et_pb_section]<\/p>\n","protected":false},"excerpt":{"rendered":"<p>OFFER OF EMPLOYMENTDo you want to be part of our team?We are looking for installers with experience in air conditioning, plumbing and electricity. Immediate incorporation. SEND US YOUR RESUMEWelcome to the Employment page of Inove Ecoenerg\u00eda S.L., a space to learn about the latest job offers. Be part of a team full of talent, focused [&hellip;]<\/p>\n","protected":false},"author":1,"featured_media":0,"parent":0,"menu_order":93,"comment_status":"closed","ping_status":"closed","template":"","meta":{"_et_pb_use_builder":"on","_et_pb_old_content":"","_et_gb_content_width":"","footnotes":""},"class_list":["post-17675","page","type-page","status-publish","hentry"],"yoast_head":"<!-- This site is optimized with the Yoast SEO plugin v26.4 - https:\/\/yoast.com\/wordpress\/plugins\/seo\/ -->\n<title>CV Form - Inove ecoenergia<\/title>\n<meta name=\"robots\" content=\"index, follow, max-snippet:-1, max-image-preview:large, max-video-preview:-1\" \/>\n<link rel=\"canonical\" href=\"https:\/\/www.inove-ecoenergia.com\/en\/cv-form\/\" \/>\n<meta property=\"og:locale\" content=\"en_US\" \/>\n<meta property=\"og:type\" content=\"article\" \/>\n<meta property=\"og:title\" content=\"CV Form - Inove ecoenergia\" \/>\n<meta property=\"og:description\" content=\"OFFER OF EMPLOYMENTDo you want to be part of our team?We are looking for installers with experience in air conditioning, plumbing and electricity. Immediate incorporation. SEND US YOUR RESUMEWelcome to the Employment page of Inove Ecoenerg\u00eda S.L., a space to learn about the latest job offers. Be part of a team full of talent, focused [&hellip;]\" \/>\n<meta property=\"og:url\" content=\"https:\/\/www.inove-ecoenergia.com\/en\/cv-form\/\" \/>\n<meta property=\"og:site_name\" content=\"Inove ecoenergia\" \/>\n<meta property=\"article:modified_time\" content=\"2024-11-06T19:55:21+00:00\" \/>\n<meta name=\"twitter:card\" content=\"summary_large_image\" \/>\n<meta name=\"twitter:label1\" content=\"Est. reading time\" \/>\n\t<meta name=\"twitter:data1\" content=\"3 minutes\" \/>\n<script type=\"application\/ld+json\" class=\"yoast-schema-graph\">{\"@context\":\"https:\/\/schema.org\",\"@graph\":[{\"@type\":\"WebPage\",\"@id\":\"https:\/\/www.inove-ecoenergia.com\/en\/cv-form\/\",\"url\":\"https:\/\/www.inove-ecoenergia.com\/en\/cv-form\/\",\"name\":\"CV Form - Inove ecoenergia\",\"isPartOf\":{\"@id\":\"https:\/\/www.inove-ecoenergia.com\/en\/#website\"},\"datePublished\":\"2023-01-03T09:53:31+00:00\",\"dateModified\":\"2024-11-06T19:55:21+00:00\",\"breadcrumb\":{\"@id\":\"https:\/\/www.inove-ecoenergia.com\/en\/cv-form\/#breadcrumb\"},\"inLanguage\":\"en-US\",\"potentialAction\":[{\"@type\":\"ReadAction\",\"target\":[\"https:\/\/www.inove-ecoenergia.com\/en\/cv-form\/\"]}]},{\"@type\":\"BreadcrumbList\",\"@id\":\"https:\/\/www.inove-ecoenergia.com\/en\/cv-form\/#breadcrumb\",\"itemListElement\":[{\"@type\":\"ListItem\",\"position\":1,\"name\":\"Portada\",\"item\":\"https:\/\/www.inove-ecoenergia.com\/en\/\"},{\"@type\":\"ListItem\",\"position\":2,\"name\":\"CV Form\"}]},{\"@type\":\"WebSite\",\"@id\":\"https:\/\/www.inove-ecoenergia.com\/en\/#website\",\"url\":\"https:\/\/www.inove-ecoenergia.com\/en\/\",\"name\":\"Inove ecoenergia\",\"description\":\"IINOVE ECOENERG\u00cdA, S.L. es una empresa dedicada a la instalaci\u00f3n, mantenimiento y venta de equipos y sistemas de energ\u00edas renovables\",\"potentialAction\":[{\"@type\":\"SearchAction\",\"target\":{\"@type\":\"EntryPoint\",\"urlTemplate\":\"https:\/\/www.inove-ecoenergia.com\/en\/?s={search_term_string}\"},\"query-input\":{\"@type\":\"PropertyValueSpecification\",\"valueRequired\":true,\"valueName\":\"search_term_string\"}}],\"inLanguage\":\"en-US\"}]}<\/script>\n<!-- \/ Yoast SEO plugin. -->","yoast_head_json":{"title":"CV Form - Inove ecoenergia","robots":{"index":"index","follow":"follow","max-snippet":"max-snippet:-1","max-image-preview":"max-image-preview:large","max-video-preview":"max-video-preview:-1"},"canonical":"https:\/\/www.inove-ecoenergia.com\/en\/cv-form\/","og_locale":"en_US","og_type":"article","og_title":"CV Form - Inove ecoenergia","og_description":"OFFER OF EMPLOYMENTDo you want to be part of our team?We are looking for installers with experience in air conditioning, plumbing and electricity. Immediate incorporation. SEND US YOUR RESUMEWelcome to the Employment page of Inove Ecoenerg\u00eda S.L., a space to learn about the latest job offers. Be part of a team full of talent, focused [&hellip;]","og_url":"https:\/\/www.inove-ecoenergia.com\/en\/cv-form\/","og_site_name":"Inove ecoenergia","article_modified_time":"2024-11-06T19:55:21+00:00","twitter_card":"summary_large_image","twitter_misc":{"Est. reading time":"3 minutes"},"schema":{"@context":"https:\/\/schema.org","@graph":[{"@type":"WebPage","@id":"https:\/\/www.inove-ecoenergia.com\/en\/cv-form\/","url":"https:\/\/www.inove-ecoenergia.com\/en\/cv-form\/","name":"CV Form - Inove ecoenergia","isPartOf":{"@id":"https:\/\/www.inove-ecoenergia.com\/en\/#website"},"datePublished":"2023-01-03T09:53:31+00:00","dateModified":"2024-11-06T19:55:21+00:00","breadcrumb":{"@id":"https:\/\/www.inove-ecoenergia.com\/en\/cv-form\/#breadcrumb"},"inLanguage":"en-US","potentialAction":[{"@type":"ReadAction","target":["https:\/\/www.inove-ecoenergia.com\/en\/cv-form\/"]}]},{"@type":"BreadcrumbList","@id":"https:\/\/www.inove-ecoenergia.com\/en\/cv-form\/#breadcrumb","itemListElement":[{"@type":"ListItem","position":1,"name":"Portada","item":"https:\/\/www.inove-ecoenergia.com\/en\/"},{"@type":"ListItem","position":2,"name":"CV Form"}]},{"@type":"WebSite","@id":"https:\/\/www.inove-ecoenergia.com\/en\/#website","url":"https:\/\/www.inove-ecoenergia.com\/en\/","name":"Inove ecoenergia","description":"IINOVE ECOENERG\u00cdA, S.L. es una empresa dedicada a la instalaci\u00f3n, mantenimiento y venta de equipos y sistemas de energ\u00edas renovables","potentialAction":[{"@type":"SearchAction","target":{"@type":"EntryPoint","urlTemplate":"https:\/\/www.inove-ecoenergia.com\/en\/?s={search_term_string}"},"query-input":{"@type":"PropertyValueSpecification","valueRequired":true,"valueName":"search_term_string"}}],"inLanguage":"en-US"}]}},"_links":{"self":[{"href":"https:\/\/www.inove-ecoenergia.com\/en\/wp-json\/wp\/v2\/pages\/17675","targetHints":{"allow":["GET"]}}],"collection":[{"href":"https:\/\/www.inove-ecoenergia.com\/en\/wp-json\/wp\/v2\/pages"}],"about":[{"href":"https:\/\/www.inove-ecoenergia.com\/en\/wp-json\/wp\/v2\/types\/page"}],"author":[{"embeddable":true,"href":"https:\/\/www.inove-ecoenergia.com\/en\/wp-json\/wp\/v2\/users\/1"}],"replies":[{"embeddable":true,"href":"https:\/\/www.inove-ecoenergia.com\/en\/wp-json\/wp\/v2\/comments?post=17675"}],"version-history":[{"count":0,"href":"https:\/\/www.inove-ecoenergia.com\/en\/wp-json\/wp\/v2\/pages\/17675\/revisions"}],"wp:attachment":[{"href":"https:\/\/www.inove-ecoenergia.com\/en\/wp-json\/wp\/v2\/media?parent=17675"}],"curies":[{"name":"wp","href":"https:\/\/api.w.org\/{rel}","templated":true}]}}