{"id":17679,"date":"2023-01-03T10:09:29","date_gmt":"2023-01-03T09:09:29","guid":{"rendered":"https:\/\/www.inove-ecoenergia.com\/contact-form\/"},"modified":"2024-11-06T20:57:12","modified_gmt":"2024-11-06T19:57:12","slug":"contact-form","status":"publish","type":"page","link":"https:\/\/www.inove-ecoenergia.com\/en\/contact-form\/","title":{"rendered":"Contact Form"},"content":{"rendered":"<p>[et_pb_section fb_built=&#8221;1&#8243; _builder_version=&#8221;4.16&#8243; _module_preset=&#8221;default&#8221; custom_margin=&#8221;0px||0px||true|false&#8221; custom_padding=&#8221;12px||12px||true|false&#8221; global_colors_info=&#8221;{}&#8221;][et_pb_row _builder_version=&#8221;4.16&#8243; _module_preset=&#8221;default&#8221; global_colors_info=&#8221;{}&#8221;][et_pb_column type=&#8221;4_4&#8243; _builder_version=&#8221;4.16&#8243; _module_preset=&#8221;default&#8221; global_colors_info=&#8221;{}&#8221;][et_pb_text _builder_version=&#8221;4.16&#8243; _module_preset=&#8221;default&#8221; header_3_text_color=&#8221;#00378b&#8221; border_width_bottom=&#8221;1px&#8221; border_color_bottom=&#8221;rgba(0,55,139,0.33)&#8221; global_colors_info=&#8221;{}&#8221;]<\/p>\n<h3>CONTACT FORM<\/h3>\n<p>[\/et_pb_text][et_pb_contact_form email=&#8221;info@inove-ecoenergia.com&#8221; _builder_version=&#8221;4.16&#8243; _module_preset=&#8221;default&#8221; _unique_id=&#8221;2c2db3c6-ea64-4d6d-b63d-872bd7463d4d&#8221; custom_button=&#8221;on&#8221; button_text_color=&#8221;#00378b&#8221; button_border_width=&#8221;1px&#8221; global_colors_info=&#8221;{}&#8221; button_bg_color__hover_enabled=&#8221;on|hover&#8221; button_bg_color__hover=&#8221;RGBA(255,255,255,0)&#8221; button_bg_enable_color__hover=&#8221;on&#8221; button_text_color__hover_enabled=&#8221;on|desktop&#8221; button_text_color__hover=&#8221;#039e96&#8243;][et_pb_contact_field field_id=&#8221;Name&#8221; field_title=&#8221;Name&#8221; fullwidth_field=&#8221;on&#8221; _builder_version=&#8221;4.16&#8243; form_field_background_color=&#8221;rgba(139,156,175,0.24)&#8221; form_field_text_color=&#8221;#0C71C3&#8243; form_field_focus_background_color=&#8221;#00378b&#8221; form_field_focus_text_color=&#8221;#FFFFFF&#8221; background_color=&#8221;RGBA(255,255,255,0)&#8221; background_enable_color=&#8221;on&#8221; global_colors_info=&#8221;{}&#8221; button_text_size__hover_enabled=&#8221;off&#8221; button_one_text_size__hover_enabled=&#8221;off&#8221; button_two_text_size__hover_enabled=&#8221;off&#8221; button_text_color__hover_enabled=&#8221;off&#8221; button_one_text_color__hover_enabled=&#8221;off&#8221; button_two_text_color__hover_enabled=&#8221;off&#8221; button_border_width__hover_enabled=&#8221;off&#8221; button_one_border_width__hover_enabled=&#8221;off&#8221; button_two_border_width__hover_enabled=&#8221;off&#8221; button_border_color__hover_enabled=&#8221;off&#8221; button_one_border_color__hover_enabled=&#8221;off&#8221; button_two_border_color__hover_enabled=&#8221;off&#8221; button_border_radius__hover_enabled=&#8221;off&#8221; button_one_border_radius__hover_enabled=&#8221;off&#8221; button_two_border_radius__hover_enabled=&#8221;off&#8221; button_letter_spacing__hover_enabled=&#8221;off&#8221; button_one_letter_spacing__hover_enabled=&#8221;off&#8221; button_two_letter_spacing__hover_enabled=&#8221;off&#8221; button_bg_color__hover_enabled=&#8221;off&#8221; button_one_bg_color__hover_enabled=&#8221;off&#8221; button_two_bg_color__hover_enabled=&#8221;off&#8221;][\/et_pb_contact_field][et_pb_contact_field field_id=&#8221;Email&#8221; field_title=&#8221;E-mail address&#8221; field_type=&#8221;email&#8221; fullwidth_field=&#8221;on&#8221; _builder_version=&#8221;4.16&#8243; form_field_background_color=&#8221;rgba(139,156,175,0.24)&#8221; form_field_text_color=&#8221;#0C71C3&#8243; form_field_focus_background_color=&#8221;#00378b&#8221; form_field_focus_text_color=&#8221;#FFFFFF&#8221; background_color=&#8221;RGBA(255,255,255,0)&#8221; background_enable_color=&#8221;on&#8221; global_colors_info=&#8221;{}&#8221; button_text_size__hover_enabled=&#8221;off&#8221; button_one_text_size__hover_enabled=&#8221;off&#8221; button_two_text_size__hover_enabled=&#8221;off&#8221; button_text_color__hover_enabled=&#8221;off&#8221; button_one_text_color__hover_enabled=&#8221;off&#8221; button_two_text_color__hover_enabled=&#8221;off&#8221; button_border_width__hover_enabled=&#8221;off&#8221; button_one_border_width__hover_enabled=&#8221;off&#8221; button_two_border_width__hover_enabled=&#8221;off&#8221; button_border_color__hover_enabled=&#8221;off&#8221; button_one_border_color__hover_enabled=&#8221;off&#8221; button_two_border_color__hover_enabled=&#8221;off&#8221; button_border_radius__hover_enabled=&#8221;off&#8221; button_one_border_radius__hover_enabled=&#8221;off&#8221; button_two_border_radius__hover_enabled=&#8221;off&#8221; button_letter_spacing__hover_enabled=&#8221;off&#8221; button_one_letter_spacing__hover_enabled=&#8221;off&#8221; button_two_letter_spacing__hover_enabled=&#8221;off&#8221; button_bg_color__hover_enabled=&#8221;off&#8221; button_one_bg_color__hover_enabled=&#8221;off&#8221; button_two_bg_color__hover_enabled=&#8221;off&#8221;][\/et_pb_contact_field][et_pb_contact_field field_id=&#8221;Telefono&#8221; field_title=&#8221;Phone&#8221; field_type=&#8221;email&#8221; required_mark=&#8221;off&#8221; fullwidth_field=&#8221;on&#8221; _builder_version=&#8221;4.16&#8243; form_field_background_color=&#8221;rgba(139,156,175,0.24)&#8221; form_field_text_color=&#8221;#0C71C3&#8243; form_field_focus_background_color=&#8221;#00378b&#8221; form_field_focus_text_color=&#8221;#FFFFFF&#8221; background_color=&#8221;RGBA(255,255,255,0)&#8221; background_enable_color=&#8221;on&#8221; global_colors_info=&#8221;{}&#8221; button_text_size__hover_enabled=&#8221;off&#8221; button_one_text_size__hover_enabled=&#8221;off&#8221; button_two_text_size__hover_enabled=&#8221;off&#8221; button_text_color__hover_enabled=&#8221;off&#8221; button_one_text_color__hover_enabled=&#8221;off&#8221; button_two_text_color__hover_enabled=&#8221;off&#8221; button_border_width__hover_enabled=&#8221;off&#8221; button_one_border_width__hover_enabled=&#8221;off&#8221; button_two_border_width__hover_enabled=&#8221;off&#8221; button_border_color__hover_enabled=&#8221;off&#8221; button_one_border_color__hover_enabled=&#8221;off&#8221; button_two_border_color__hover_enabled=&#8221;off&#8221; button_border_radius__hover_enabled=&#8221;off&#8221; button_one_border_radius__hover_enabled=&#8221;off&#8221; button_two_border_radius__hover_enabled=&#8221;off&#8221; button_letter_spacing__hover_enabled=&#8221;off&#8221; button_one_letter_spacing__hover_enabled=&#8221;off&#8221; button_two_letter_spacing__hover_enabled=&#8221;off&#8221; button_bg_color__hover_enabled=&#8221;off&#8221; button_one_bg_color__hover_enabled=&#8221;off&#8221; button_two_bg_color__hover_enabled=&#8221;off&#8221;][\/et_pb_contact_field][et_pb_contact_field field_id=&#8221;Message&#8221; field_title=&#8221;Message&#8221; field_type=&#8221;text&#8221; fullwidth_field=&#8221;on&#8221; _builder_version=&#8221;4.16&#8243; form_field_background_color=&#8221;rgba(139,156,175,0.24)&#8221; form_field_text_color=&#8221;#0C71C3&#8243; form_field_focus_background_color=&#8221;#00378b&#8221; form_field_focus_text_color=&#8221;#FFFFFF&#8221; background_color=&#8221;RGBA(255,255,255,0)&#8221; background_enable_color=&#8221;on&#8221; global_colors_info=&#8221;{}&#8221; button_text_size__hover_enabled=&#8221;off&#8221; button_one_text_size__hover_enabled=&#8221;off&#8221; button_two_text_size__hover_enabled=&#8221;off&#8221; button_text_color__hover_enabled=&#8221;off&#8221; button_one_text_color__hover_enabled=&#8221;off&#8221; button_two_text_color__hover_enabled=&#8221;off&#8221; button_border_width__hover_enabled=&#8221;off&#8221; button_one_border_width__hover_enabled=&#8221;off&#8221; button_two_border_width__hover_enabled=&#8221;off&#8221; button_border_color__hover_enabled=&#8221;off&#8221; button_one_border_color__hover_enabled=&#8221;off&#8221; button_two_border_color__hover_enabled=&#8221;off&#8221; button_border_radius__hover_enabled=&#8221;off&#8221; button_one_border_radius__hover_enabled=&#8221;off&#8221; button_two_border_radius__hover_enabled=&#8221;off&#8221; button_letter_spacing__hover_enabled=&#8221;off&#8221; button_one_letter_spacing__hover_enabled=&#8221;off&#8221; button_two_letter_spacing__hover_enabled=&#8221;off&#8221; button_bg_color__hover_enabled=&#8221;off&#8221; button_one_bg_color__hover_enabled=&#8221;off&#8221; button_two_bg_color__hover_enabled=&#8221;off&#8221;][\/et_pb_contact_field][\/et_pb_contact_form][et_pb_text _builder_version=&#8221;4.16&#8243; _module_preset=&#8221;default&#8221; global_colors_info=&#8221;{}&#8221;]<\/p>\n<p><span>In compliance with the provisions of Law 15\/1999, December 13, Protection of Personal Data, we inform you that by completing this form, your personal data will be stored and processed in a file owned by INOVE ECOENERGIA, SL in order to manage your request. Also, unless you expressly state otherwise, your personal data may be used to keep you informed of news and developments related to their services. Similarly, we inform you of the possibility of exercising your rights of access, rectification, cancellation and opposition of your personal data by email to info@inove-ecoenergia.com or by writing to INOVE ECOENERGIA, S. L., CALLE PILAR BARDEM N\u00ba10, C.P. 29680, ESTEPONA (M\u00c1LAGA), enclosing a photocopy of your ID.  <\/span><\/p>\n<p>[\/et_pb_text][\/et_pb_column][\/et_pb_row][\/et_pb_section][et_pb_section fb_built=&#8221;1&#8243; _builder_version=&#8221;4.16&#8243; _module_preset=&#8221;default&#8221; custom_margin=&#8221;0px||0px||true|false&#8221; custom_padding=&#8221;0px||0px||true|false&#8221; locked=&#8221;off&#8221; global_colors_info=&#8221;{}&#8221;][et_pb_row _builder_version=&#8221;4.16&#8243; _module_preset=&#8221;default&#8221; global_colors_info=&#8221;{}&#8221;][et_pb_column type=&#8221;4_4&#8243; _builder_version=&#8221;4.16&#8243; _module_preset=&#8221;default&#8221; global_colors_info=&#8221;{}&#8221;][et_pb_image src=&#8221;https:\/\/www.inove-ecoenergia.com\/wp-content\/uploads\/2023\/01\/logo-linea.png&#8221; title_text=&#8221;logo-linea&#8221; align=&#8221;center&#8221; _builder_version=&#8221;4.16&#8243; _module_preset=&#8221;default&#8221; custom_margin=&#8221;0px||0px||true|false&#8221; custom_padding=&#8221;|||32px|false|false&#8221; global_colors_info=&#8221;{}&#8221;][\/et_pb_image][et_pb_text _builder_version=&#8221;4.16&#8243; _module_preset=&#8221;default&#8221; header_font=&#8221;|300|||||||&#8221; header_text_color=&#8221;#00378b&#8221; header_line_height=&#8221;1.3em&#8221; header_2_font=&#8221;||||||||&#8221; header_2_text_color=&#8221;#0C71C3&#8243; header_2_font_size=&#8221;28px&#8221; background_color=&#8221;rgba(255,255,255,0.7)&#8221; custom_margin=&#8221;0px||0px||true|false&#8221; custom_padding=&#8221;10px|10px|10px|10px|true|true&#8221; custom_padding_tablet=&#8221;&#8221; custom_padding_phone=&#8221;&#8221; custom_padding_last_edited=&#8221;on|desktop&#8221; text_text_shadow_style=&#8221;preset5&#8243; text_text_shadow_blur_strength=&#8221;1.48em&#8221; text_text_shadow_color=&#8221;#ffba75&#8243; border_radii=&#8221;off|36px|36px||&#8221; locked=&#8221;off&#8221; global_colors_info=&#8221;{}&#8221;]<\/p>\n<h2 style=\"text-align: center;\">QUALITY AND <span style=\"color: #ff6600;\">PROFESSIONALISM<\/span><\/h2>\n<p>[\/et_pb_text][et_pb_image src=&#8221;https:\/\/www.inove-ecoenergia.com\/wp-content\/uploads\/2023\/01\/Resena-Google-1024&#215;878-1.jpg&#8221; title_text=&#8221;Resen\u0303a-Google-1024&#215;878-1&#8243; url=&#8221;https:\/\/search.google.com\/local\/writereview?placeid=ChIJ0R6berzWDA0R8rVTzR_mQkw&#8221; url_new_window=&#8221;on&#8221; align=&#8221;center&#8221; _builder_version=&#8221;4.16&#8243; _module_preset=&#8221;default&#8221; width=&#8221;38%&#8221; global_colors_info=&#8221;{}&#8221;][\/et_pb_image][\/et_pb_column][\/et_pb_row][\/et_pb_section]<\/p>\n","protected":false},"excerpt":{"rendered":"<p>CONTACT FORMIn compliance with the provisions of Law 15\/1999, December 13, Protection of Personal Data, we inform you that by completing this form, your personal data will be stored and processed in a file owned by INOVE ECOENERGIA, SL in order to manage your request. Also, unless you expressly state otherwise, your personal data may [&hellip;]<\/p>\n","protected":false},"author":1,"featured_media":0,"parent":0,"menu_order":94,"comment_status":"closed","ping_status":"closed","template":"","meta":{"_et_pb_use_builder":"on","_et_pb_old_content":"","_et_gb_content_width":"","footnotes":""},"class_list":["post-17679","page","type-page","status-publish","hentry"],"yoast_head":"<!-- This site is optimized with the Yoast SEO plugin v26.4 - https:\/\/yoast.com\/wordpress\/plugins\/seo\/ -->\n<title>Contact Form - Inove ecoenergia<\/title>\n<meta name=\"robots\" content=\"index, follow, max-snippet:-1, max-image-preview:large, max-video-preview:-1\" \/>\n<link rel=\"canonical\" href=\"https:\/\/www.inove-ecoenergia.com\/en\/contact-form\/\" \/>\n<meta property=\"og:locale\" content=\"en_US\" \/>\n<meta property=\"og:type\" content=\"article\" \/>\n<meta property=\"og:title\" content=\"Contact Form - Inove ecoenergia\" \/>\n<meta property=\"og:description\" content=\"CONTACT FORMIn compliance with the provisions of Law 15\/1999, December 13, Protection of Personal Data, we inform you that by completing this form, your personal data will be stored and processed in a file owned by INOVE ECOENERGIA, SL in order to manage your request. Also, unless you expressly state otherwise, your personal data may [&hellip;]\" \/>\n<meta property=\"og:url\" content=\"https:\/\/www.inove-ecoenergia.com\/en\/contact-form\/\" \/>\n<meta property=\"og:site_name\" content=\"Inove ecoenergia\" \/>\n<meta property=\"article:modified_time\" content=\"2024-11-06T19:57:12+00:00\" \/>\n<meta name=\"twitter:card\" content=\"summary_large_image\" \/>\n<meta name=\"twitter:label1\" content=\"Est. reading time\" \/>\n\t<meta name=\"twitter:data1\" content=\"7 minutes\" \/>\n<script type=\"application\/ld+json\" class=\"yoast-schema-graph\">{\"@context\":\"https:\/\/schema.org\",\"@graph\":[{\"@type\":\"WebPage\",\"@id\":\"https:\/\/www.inove-ecoenergia.com\/en\/contact-form\/\",\"url\":\"https:\/\/www.inove-ecoenergia.com\/en\/contact-form\/\",\"name\":\"Contact Form - Inove ecoenergia\",\"isPartOf\":{\"@id\":\"https:\/\/www.inove-ecoenergia.com\/en\/#website\"},\"datePublished\":\"2023-01-03T09:09:29+00:00\",\"dateModified\":\"2024-11-06T19:57:12+00:00\",\"breadcrumb\":{\"@id\":\"https:\/\/www.inove-ecoenergia.com\/en\/contact-form\/#breadcrumb\"},\"inLanguage\":\"en-US\",\"potentialAction\":[{\"@type\":\"ReadAction\",\"target\":[\"https:\/\/www.inove-ecoenergia.com\/en\/contact-form\/\"]}]},{\"@type\":\"BreadcrumbList\",\"@id\":\"https:\/\/www.inove-ecoenergia.com\/en\/contact-form\/#breadcrumb\",\"itemListElement\":[{\"@type\":\"ListItem\",\"position\":1,\"name\":\"Portada\",\"item\":\"https:\/\/www.inove-ecoenergia.com\/en\/\"},{\"@type\":\"ListItem\",\"position\":2,\"name\":\"Contact Form\"}]},{\"@type\":\"WebSite\",\"@id\":\"https:\/\/www.inove-ecoenergia.com\/en\/#website\",\"url\":\"https:\/\/www.inove-ecoenergia.com\/en\/\",\"name\":\"Inove ecoenergia\",\"description\":\"IINOVE ECOENERG\u00cdA, S.L. es una empresa dedicada a la instalaci\u00f3n, mantenimiento y venta de equipos y sistemas de energ\u00edas renovables\",\"potentialAction\":[{\"@type\":\"SearchAction\",\"target\":{\"@type\":\"EntryPoint\",\"urlTemplate\":\"https:\/\/www.inove-ecoenergia.com\/en\/?s={search_term_string}\"},\"query-input\":{\"@type\":\"PropertyValueSpecification\",\"valueRequired\":true,\"valueName\":\"search_term_string\"}}],\"inLanguage\":\"en-US\"}]}<\/script>\n<!-- \/ Yoast SEO plugin. -->","yoast_head_json":{"title":"Contact Form - Inove ecoenergia","robots":{"index":"index","follow":"follow","max-snippet":"max-snippet:-1","max-image-preview":"max-image-preview:large","max-video-preview":"max-video-preview:-1"},"canonical":"https:\/\/www.inove-ecoenergia.com\/en\/contact-form\/","og_locale":"en_US","og_type":"article","og_title":"Contact Form - Inove ecoenergia","og_description":"CONTACT FORMIn compliance with the provisions of Law 15\/1999, December 13, Protection of Personal Data, we inform you that by completing this form, your personal data will be stored and processed in a file owned by INOVE ECOENERGIA, SL in order to manage your request. Also, unless you expressly state otherwise, your personal data may [&hellip;]","og_url":"https:\/\/www.inove-ecoenergia.com\/en\/contact-form\/","og_site_name":"Inove ecoenergia","article_modified_time":"2024-11-06T19:57:12+00:00","twitter_card":"summary_large_image","twitter_misc":{"Est. reading time":"7 minutes"},"schema":{"@context":"https:\/\/schema.org","@graph":[{"@type":"WebPage","@id":"https:\/\/www.inove-ecoenergia.com\/en\/contact-form\/","url":"https:\/\/www.inove-ecoenergia.com\/en\/contact-form\/","name":"Contact Form - Inove ecoenergia","isPartOf":{"@id":"https:\/\/www.inove-ecoenergia.com\/en\/#website"},"datePublished":"2023-01-03T09:09:29+00:00","dateModified":"2024-11-06T19:57:12+00:00","breadcrumb":{"@id":"https:\/\/www.inove-ecoenergia.com\/en\/contact-form\/#breadcrumb"},"inLanguage":"en-US","potentialAction":[{"@type":"ReadAction","target":["https:\/\/www.inove-ecoenergia.com\/en\/contact-form\/"]}]},{"@type":"BreadcrumbList","@id":"https:\/\/www.inove-ecoenergia.com\/en\/contact-form\/#breadcrumb","itemListElement":[{"@type":"ListItem","position":1,"name":"Portada","item":"https:\/\/www.inove-ecoenergia.com\/en\/"},{"@type":"ListItem","position":2,"name":"Contact Form"}]},{"@type":"WebSite","@id":"https:\/\/www.inove-ecoenergia.com\/en\/#website","url":"https:\/\/www.inove-ecoenergia.com\/en\/","name":"Inove ecoenergia","description":"IINOVE ECOENERG\u00cdA, S.L. es una empresa dedicada a la instalaci\u00f3n, mantenimiento y venta de equipos y sistemas de energ\u00edas renovables","potentialAction":[{"@type":"SearchAction","target":{"@type":"EntryPoint","urlTemplate":"https:\/\/www.inove-ecoenergia.com\/en\/?s={search_term_string}"},"query-input":{"@type":"PropertyValueSpecification","valueRequired":true,"valueName":"search_term_string"}}],"inLanguage":"en-US"}]}},"_links":{"self":[{"href":"https:\/\/www.inove-ecoenergia.com\/en\/wp-json\/wp\/v2\/pages\/17679","targetHints":{"allow":["GET"]}}],"collection":[{"href":"https:\/\/www.inove-ecoenergia.com\/en\/wp-json\/wp\/v2\/pages"}],"about":[{"href":"https:\/\/www.inove-ecoenergia.com\/en\/wp-json\/wp\/v2\/types\/page"}],"author":[{"embeddable":true,"href":"https:\/\/www.inove-ecoenergia.com\/en\/wp-json\/wp\/v2\/users\/1"}],"replies":[{"embeddable":true,"href":"https:\/\/www.inove-ecoenergia.com\/en\/wp-json\/wp\/v2\/comments?post=17679"}],"version-history":[{"count":0,"href":"https:\/\/www.inove-ecoenergia.com\/en\/wp-json\/wp\/v2\/pages\/17679\/revisions"}],"wp:attachment":[{"href":"https:\/\/www.inove-ecoenergia.com\/en\/wp-json\/wp\/v2\/media?parent=17679"}],"curies":[{"name":"wp","href":"https:\/\/api.w.org\/{rel}","templated":true}]}}